{"id":5520,"date":"2023-01-17T20:22:34","date_gmt":"2023-01-17T16:22:34","guid":{"rendered":"https:\/\/papacarrental.com\/guide-des-conditions-et-des-pilotes\/"},"modified":"2024-03-18T19:53:27","modified_gmt":"2024-03-18T15:53:27","slug":"guide-des-conditions-et-des-pilotes","status":"publish","type":"page","link":"https:\/\/papacarrental.com\/fr\/guide-des-conditions-et-des-pilotes\/","title":{"rendered":"Guide des conditions et des pilotes"},"content":{"rendered":"<p><div class=\"fusion-fullwidth fullwidth-box fusion-builder-row-1 fusion-flex-container has-pattern-background has-mask-background nonhundred-percent-fullwidth non-hundred-percent-height-scrolling\" style=\"--awb-border-radius-top-left:0px;--awb-border-radius-top-right:0px;--awb-border-radius-bottom-right:0px;--awb-border-radius-bottom-left:0px;--awb-flex-wrap:wrap;\" ><div class=\"fusion-builder-row fusion-row fusion-flex-align-items-flex-start fusion-flex-content-wrap\" style=\"max-width:1248px;margin-left: calc(-4% \/ 2 );margin-right: calc(-4% \/ 2 );\"><div class=\"fusion-layout-column fusion_builder_column fusion-builder-column-0 fusion_builder_column_1_2 1_2 fusion-flex-column\" style=\"--awb-bg-size:cover;--awb-width-large:50%;--awb-margin-top-large:0px;--awb-spacing-right-large:3.84%;--awb-margin-bottom-large:20px;--awb-spacing-left-large:3.84%;--awb-width-medium:50%;--awb-order-medium:0;--awb-spacing-right-medium:3.84%;--awb-spacing-left-medium:3.84%;--awb-width-small:100%;--awb-order-small:0;--awb-spacing-right-small:1.92%;--awb-spacing-left-small:1.92%;\"><div class=\"fusion-column-wrapper fusion-column-has-shadow fusion-flex-justify-content-flex-start fusion-content-layout-column\"><div class=\"fusion-image-element \" style=\"text-align:center;--awb-caption-title-font-family:var(--h2_typography-font-family);--awb-caption-title-font-weight:var(--h2_typography-font-weight);--awb-caption-title-font-style:var(--h2_typography-font-style);--awb-caption-title-size:var(--h2_typography-font-size);--awb-caption-title-transform:var(--h2_typography-text-transform);--awb-caption-title-line-height:var(--h2_typography-line-height);--awb-caption-title-letter-spacing:var(--h2_typography-letter-spacing);\"><span class=\" fusion-imageframe imageframe-none imageframe-1 hover-type-none\"><img decoding=\"async\" width=\"280\" height=\"461\" title=\"hey\" src=\"https:\/\/papacarrental.com\/wp-content\/uploads\/2019\/12\/hey.png\" class=\"img-responsive wp-image-5184\" alt=\"\" srcset=\"https:\/\/papacarrental.com\/wp-content\/uploads\/2019\/12\/hey-182x300.png 182w, https:\/\/papacarrental.com\/wp-content\/uploads\/2019\/12\/hey.png 280w\" sizes=\"(max-width: 280px) 100vw, 280px\" \/><\/span><\/div><\/div><\/div><div class=\"fusion-layout-column fusion_builder_column fusion-builder-column-1 fusion_builder_column_1_2 1_2 fusion-flex-column\" style=\"--awb-bg-size:cover;--awb-width-large:50%;--awb-margin-top-large:0px;--awb-spacing-right-large:3.84%;--awb-margin-bottom-large:20px;--awb-spacing-left-large:3.84%;--awb-width-medium:50%;--awb-order-medium:0;--awb-spacing-right-medium:3.84%;--awb-spacing-left-medium:3.84%;--awb-width-small:100%;--awb-order-small:0;--awb-spacing-right-small:1.92%;--awb-spacing-left-small:1.92%;\"><div class=\"fusion-column-wrapper fusion-column-has-shadow fusion-flex-justify-content-flex-start fusion-content-layout-column\"><div class=\"fusion-title title fusion-title-1 fusion-sep-none fusion-title-text fusion-title-size-three\" style=\"--awb-text-color:var(--awb-color4);\"><h3 class=\"fusion-title-heading title-heading-left\" style=\"margin:0;\">Seychelles - Guide du conducteur<\/h3><\/div><div class=\"fusion-text fusion-text-1\"><p><strong>C\u00f4t\u00e9 conduite<\/strong>\u00a0: la conduite se fait du c\u00f4t\u00e9 gauche de la route.<br \/>\n<strong>Type de v\u00e9hicule\u00a0: <\/strong>V\u00e9hicule avec conduite \u00e0 droite < Volant sur le c\u00f4t\u00e9 droit><br \/>\n<strong>Qualit\u00e9 de la route\u00a0: <\/strong>Routes principales lisses et route montagneuse \u00e9troite avec des pentes et des virages<\/p>\n<\/div><div class=\"accordian fusion-accordian\" style=\"--awb-border-size:1px;--awb-icon-size:16px;--awb-content-font-size:var(--awb-typography4-font-size);--awb-icon-alignment:left;--awb-hover-color:var(--awb-color2);--awb-border-color:var(--awb-color3);--awb-background-color:var(--awb-color1);--awb-divider-color:var(--awb-color3);--awb-divider-hover-color:var(--awb-color3);--awb-icon-color:var(--awb-color1);--awb-title-color:var(--awb-color8);--awb-content-color:var(--awb-color8);--awb-icon-box-color:var(--awb-color8);--awb-toggle-hover-accent-color:var(--awb-color5);--awb-title-font-family:var(--awb-typography1-font-family);--awb-title-font-weight:var(--awb-typography1-font-weight);--awb-title-font-style:var(--awb-typography1-font-style);--awb-title-font-size:16px;--awb-content-font-family:var(--awb-typography4-font-family);--awb-content-font-weight:var(--awb-typography4-font-weight);--awb-content-font-style:var(--awb-typography4-font-style);\"><div class=\"panel-group fusion-toggle-icon-boxed\" id=\"accordion-5520-1\"><div class=\"fusion-panel panel-default panel-bd2cdfd483ac55553 fusion-toggle-has-divider\" style=\"--awb-title-color:var(--awb-color8);\"><div class=\"panel-heading\"><h4 class=\"panel-title toggle\" id=\"toggle_bd2cdfd483ac55553\"><a aria-expanded=\"false\" aria-controls=\"bd2cdfd483ac55553\" role=\"button\" data-toggle=\"collapse\" data-parent=\"#accordion-5520-1\" data-target=\"#bd2cdfd483ac55553\" href=\"#bd2cdfd483ac55553\"><span class=\"fusion-toggle-icon-wrapper\" aria-hidden=\"true\"><i class=\"fa-fusion-box active-icon awb-icon-minus\" aria-hidden=\"true\"><\/i><i class=\"fa-fusion-box inactive-icon awb-icon-plus\" aria-hidden=\"true\"><\/i><\/span><span class=\"fusion-toggle-heading\">Exigence du permis de conduire:<\/span><\/a><\/h4><\/div><div id=\"bd2cdfd483ac55553\" class=\"panel-collapse collapse \" aria-labelledby=\"toggle_bd2cdfd483ac55553\"><div class=\"panel-body toggle-content fusion-clearfix\">\n<p style=\"text-align: justify;\">Conform\u00e9ment au code de la route des Seychelles, notre compagnie d'assurance exige un \u00e2ge minimum de 21 ans pour conduire et que votre permis de conduire ait \u00e9t\u00e9 d\u00e9livr\u00e9 pour la premi\u00e8re fois il y a au moins 1 an. Le permis de conduire doit \u00eatre r\u00e9dig\u00e9 en lettres latines.<\/p>\n<p style=\"text-align: justify;\">Un permis de conduire national valide et non expir\u00e9 suffit pour conduire jusqu'\u00e0 3 mois aux Seychelles.<\/p>\n<p style=\"text-align: justify;\">Les titulaires d'un permis d\u00e9livr\u00e9 dans un alphabet non latin (pays comme la Chine, la Cor\u00e9e, la Russie, etc.) doivent \u00e9galement pr\u00e9senter un permis de conduire international valide.<\/p>\n<p style=\"text-align: justify;\">Le permis de conduire doit avoir \u00e9t\u00e9 d\u00e9livr\u00e9 par les autorit\u00e9s habilit\u00e9es au moins 12 mois avant la date de d\u00e9but de la location.<\/p>\n<\/div><\/div><\/div><div class=\"fusion-panel panel-default panel-026d4a57d804ab7d9 fusion-toggle-has-divider\" style=\"--awb-title-color:var(--awb-color8);\"><div class=\"panel-heading\"><h4 class=\"panel-title toggle\" id=\"toggle_026d4a57d804ab7d9\"><a aria-expanded=\"false\" aria-controls=\"026d4a57d804ab7d9\" role=\"button\" data-toggle=\"collapse\" data-parent=\"#accordion-5520-1\" data-target=\"#026d4a57d804ab7d9\" href=\"#026d4a57d804ab7d9\"><span class=\"fusion-toggle-icon-wrapper\" aria-hidden=\"true\"><i class=\"fa-fusion-box active-icon awb-icon-minus\" aria-hidden=\"true\"><\/i><i class=\"fa-fusion-box inactive-icon awb-icon-plus\" aria-hidden=\"true\"><\/i><\/span><span class=\"fusion-toggle-heading\">Limite de vitesse pour l&apos;\u00eele de Mah\u00e9:<\/span><\/a><\/h4><\/div><div id=\"026d4a57d804ab7d9\" class=\"panel-collapse collapse \" aria-labelledby=\"toggle_026d4a57d804ab7d9\"><div class=\"panel-body toggle-content fusion-clearfix\"><strong>40\u00a0km\/h<\/strong>\u00a0\u2013\u00a0Zones b\u00e2ties<br \/>\n<strong>60\u00a0km\/h<\/strong>\u00a0\u2013\u00a0Routes ouvertes en dehors de la ville<br \/>\n<strong>80\u00a0km\/h<\/strong>\u00a0\u2013\u00a0Autoroute <\u00e0 deux voies> entre Victoria et l'a\u00e9roport<\/div><\/div><\/div><div class=\"fusion-panel panel-default panel-3f152afd6554c7af4 fusion-toggle-has-divider\" style=\"--awb-title-color:var(--awb-color8);\"><div class=\"panel-heading\"><h4 class=\"panel-title toggle\" id=\"toggle_3f152afd6554c7af4\"><a aria-expanded=\"false\" aria-controls=\"3f152afd6554c7af4\" role=\"button\" data-toggle=\"collapse\" data-parent=\"#accordion-5520-1\" data-target=\"#3f152afd6554c7af4\" href=\"#3f152afd6554c7af4\"><span class=\"fusion-toggle-icon-wrapper\" aria-hidden=\"true\"><i class=\"fa-fusion-box active-icon awb-icon-minus\" aria-hidden=\"true\"><\/i><i class=\"fa-fusion-box inactive-icon awb-icon-plus\" aria-hidden=\"true\"><\/i><\/span><span class=\"fusion-toggle-heading\">Limite de vitesse pour l&apos;\u00eele de Praslin:<\/span><\/a><\/h4><\/div><div id=\"3f152afd6554c7af4\" class=\"panel-collapse collapse \" aria-labelledby=\"toggle_3f152afd6554c7af4\"><div class=\"panel-body toggle-content fusion-clearfix\"><strong>40km\/h<\/strong> -- Autour de l'\u00eele.<\/div><\/div><\/div><div class=\"fusion-panel panel-default panel-6d033daf567e6dbb2 fusion-toggle-has-divider\" style=\"--awb-title-color:var(--awb-color8);\"><div class=\"panel-heading\"><h4 class=\"panel-title toggle\" id=\"toggle_6d033daf567e6dbb2\"><a aria-expanded=\"false\" aria-controls=\"6d033daf567e6dbb2\" role=\"button\" data-toggle=\"collapse\" data-parent=\"#accordion-5520-1\" data-target=\"#6d033daf567e6dbb2\" href=\"#6d033daf567e6dbb2\"><span class=\"fusion-toggle-icon-wrapper\" aria-hidden=\"true\"><i class=\"fa-fusion-box active-icon awb-icon-minus\" aria-hidden=\"true\"><\/i><i class=\"fa-fusion-box inactive-icon awb-icon-plus\" aria-hidden=\"true\"><\/i><\/span><span class=\"fusion-toggle-heading\">Informations Compl\u00e9mentaires:<\/span><\/a><\/h4><\/div><div id=\"6d033daf567e6dbb2\" class=\"panel-collapse collapse \" aria-labelledby=\"toggle_6d033daf567e6dbb2\"><div class=\"panel-body toggle-content fusion-clearfix\">\n<ul>\n<li>Le taux d'alcool\u00e9mie autoris\u00e9 aux Seychelles est de 0,08\u00a0%. Notre police d'assurance exige que vous soyez 100\u00a0% sans alcool.<\/li>\n<li>Les conducteurs et les passagers avant doivent obligatoirement porter la ceinture de s\u00e9curit\u00e9.<\/li>\n<li>Veuillez ne pas laisser d'objets de valeur visibles dans les voitures.<\/li>\n<li>Il n'y a pas de trottoirs, alors gardez les yeux ouverts pour rep\u00e9rer les pi\u00e9tons.<\/li>\n<\/ul>\n<\/div><\/div><\/div><\/div><\/div><\/div><\/div><\/div><\/div><div class=\"fusion-fullwidth fullwidth-box fusion-builder-row-2 fusion-flex-container has-pattern-background has-mask-background nonhundred-percent-fullwidth non-hundred-percent-height-scrolling\" style=\"--awb-border-radius-top-left:0px;--awb-border-radius-top-right:0px;--awb-border-radius-bottom-right:0px;--awb-border-radius-bottom-left:0px;--awb-padding-bottom:25px;--awb-flex-wrap:wrap;\" ><div class=\"fusion-builder-row fusion-row fusion-flex-align-items-flex-start fusion-flex-content-wrap\" style=\"max-width:1248px;margin-left: calc(-4% \/ 2 );margin-right: calc(-4% \/ 2 );\"><div class=\"fusion-layout-column fusion_builder_column fusion-builder-column-2 fusion_builder_column_1_2 1_2 fusion-flex-column\" style=\"--awb-bg-size:cover;--awb-width-large:50%;--awb-margin-top-large:0px;--awb-spacing-right-large:3.84%;--awb-margin-bottom-large:20px;--awb-spacing-left-large:3.84%;--awb-width-medium:50%;--awb-order-medium:0;--awb-spacing-right-medium:3.84%;--awb-spacing-left-medium:3.84%;--awb-width-small:100%;--awb-order-small:0;--awb-spacing-right-small:1.92%;--awb-spacing-left-small:1.92%;\"><div class=\"fusion-column-wrapper fusion-column-has-shadow fusion-flex-justify-content-flex-start fusion-content-layout-column\"><div class=\"fusion-title title fusion-title-2 fusion-sep-none fusion-title-text fusion-title-size-three\"><h3 class=\"fusion-title-heading title-heading-left\" style=\"margin:0;\">Nos conditions g\u00e9n\u00e9rales<\/h3><\/div><div class=\"fusion-text fusion-text-2\"><p style=\"text-align: justify;\"><span style=\"color: #000000;\"><strong>PAPA CAR RENTAL Seychelles<\/strong> est une soci\u00e9t\u00e9 de courtage de location de voitures. Notre devise : un processus de r\u00e9servation de voiture simple, une option de location rentable et un service fiable. <strong>Nous proposons notre service de location de voitures aux Seychelles<\/strong> < <strong>Mah\u00e9 et l'\u00eele de Praslin<\/strong> > aux clients du monde entier.<\/span><\/p>\n<p style=\"text-align: justify;\"><span style=\"color: #000000;\">Nos tarifs de location de voitures sont factur\u00e9s par cycles de 24 heures. La r\u00e9servation de voiture par PAPA CAR RENTAL est confirm\u00e9e dans les 24 \u00e0 36 heures. Pour les r\u00e9servations de voiture d'un jour, les r\u00e9servations de voiture de deux jours et les r\u00e9servations de derni\u00e8re minute, sont soumises \u00e0 disponibilit\u00e9. Pour une demande de r\u00e9servation urgente, veuillez envoyer les d\u00e9tails de la location de voiture via <strong>Whatsapp<\/strong> au <strong>+248 2780254 ou par e-mail<\/strong> \u00e0<strong> booking@papacarrental.com<\/strong><br \/>\n&gt;&gt; \u00ceLE (Mah\u00e9 ou Praslin)<br \/>\n&gt;&gt; D\u00e9tails de la prise en charge de la voiture (DATE \/ LIEU \/ HEURE)<br \/>\n&gt;&gt; D\u00e9tails du d\u00e9p\u00f4t de la voiture (DATE \/ LIEU \/ HEURE)<br \/>\n&gt;&gt; Votre num\u00e9ro Whatsapp (indicatif du pays et num\u00e9ro de portable)<br \/>\n<\/span><\/p>\n<\/div><div ><a class=\"fusion-button button-flat fusion-button-default-size button-default fusion-button-default button-1 fusion-button-default-span fusion-button-default-type\" style=\"--button_text_transform:uppercase;\" target=\"_self\" href=\"https:\/\/papacarrental.com\/terms\/\"><span class=\"fusion-button-text\">Nos conditions<\/span><\/a><\/div><\/div><\/div><div class=\"fusion-layout-column fusion_builder_column fusion-builder-column-3 fusion_builder_column_1_2 1_2 fusion-flex-column\" style=\"--awb-bg-size:cover;--awb-width-large:50%;--awb-margin-top-large:0px;--awb-spacing-right-large:3.84%;--awb-margin-bottom-large:20px;--awb-spacing-left-large:3.84%;--awb-width-medium:50%;--awb-order-medium:0;--awb-spacing-right-medium:3.84%;--awb-spacing-left-medium:3.84%;--awb-width-small:100%;--awb-order-small:0;--awb-spacing-right-small:1.92%;--awb-spacing-left-small:1.92%;\"><div class=\"fusion-column-wrapper fusion-column-has-shadow fusion-flex-justify-content-flex-start fusion-content-layout-column\"><div class=\"fusion-title title fusion-title-3 fusion-sep-none fusion-title-text fusion-title-size-three\" style=\"--awb-text-color:var(--awb-color4);\"><h3 class=\"fusion-title-heading title-heading-left\" style=\"margin:0;text-transform:uppercase;\">GRAMIN GPS<\/h3><\/div><div class=\"fusion-title title fusion-title-4 fusion-sep-none fusion-title-text fusion-title-size-four\"><h4 class=\"fusion-title-heading title-heading-left\" style=\"margin:0;\">R\u00e9servez la voiture avec l'appareil de navigation GPS Garmin<\/h4><\/div><div class=\"fusion-image-element \" style=\"text-align:center;--awb-caption-title-font-family:var(--h2_typography-font-family);--awb-caption-title-font-weight:var(--h2_typography-font-weight);--awb-caption-title-font-style:var(--h2_typography-font-style);--awb-caption-title-size:var(--h2_typography-font-size);--awb-caption-title-transform:var(--h2_typography-text-transform);--awb-caption-title-line-height:var(--h2_typography-line-height);--awb-caption-title-letter-spacing:var(--h2_typography-letter-spacing);\"><span class=\" fusion-imageframe imageframe-none imageframe-2 hover-type-none\"><img decoding=\"async\" width=\"300\" height=\"178\" title=\"Automotive-GPS-Navigation-Car-GPS-product-gallery-drive-2-Garmin\" src=\"https:\/\/papacarrental.com\/wp-content\/uploads\/2020\/01\/Automotive-GPS-Navigation-Car-GPS-product-gallery-drive-2-Garmin-300x178.jpg\" class=\"img-responsive wp-image-5373\" alt=\"\" srcset=\"https:\/\/papacarrental.com\/wp-content\/uploads\/2020\/01\/Automotive-GPS-Navigation-Car-GPS-product-gallery-drive-2-Garmin-280x165.jpg 280w, https:\/\/papacarrental.com\/wp-content\/uploads\/2020\/01\/Automotive-GPS-Navigation-Car-GPS-product-gallery-drive-2-Garmin-300x178.jpg 300w, https:\/\/papacarrental.com\/wp-content\/uploads\/2020\/01\/Automotive-GPS-Navigation-Car-GPS-product-gallery-drive-2-Garmin.jpg 450w\" sizes=\"(max-width: 300px) 100vw, 300px\" \/><\/span><\/div><div class=\"fusion-title title fusion-title-5 fusion-sep-none fusion-title-text fusion-title-size-four\" style=\"--awb-text-color:var(--awb-color4);\"><h4 class=\"fusion-title-heading title-heading-right\" style=\"margin:0;\">Explorer<\/h4><\/div><div class=\"fusion-title title fusion-title-6 fusion-sep-none fusion-title-text fusion-title-size-five\"><h5 class=\"fusion-title-heading title-heading-right\" style=\"margin:0;\">Les Seychelles sans tracas !<\/h5><\/div><\/div><\/div><\/div><\/div><div class=\"fusion-fullwidth fullwidth-box fusion-builder-row-3 fusion-flex-container has-pattern-background has-mask-background nonhundred-percent-fullwidth non-hundred-percent-height-scrolling fusion-no-small-visibility fusion-no-medium-visibility\" style=\"--awb-border-radius-top-left:0px;--awb-border-radius-top-right:0px;--awb-border-radius-bottom-right:0px;--awb-border-radius-bottom-left:0px;--awb-padding-top:55px;--awb-background-color:var(--awb-color5);--awb-flex-wrap:wrap;\" ><div class=\"fusion-builder-row fusion-row fusion-flex-align-items-flex-start fusion-flex-content-wrap\" style=\"max-width:1248px;margin-left: calc(-4% \/ 2 );margin-right: calc(-4% \/ 2 );\"><div class=\"fusion-layout-column fusion_builder_column fusion-builder-column-4 fusion_builder_column_1_2 1_2 fusion-flex-column\" style=\"--awb-bg-size:cover;--awb-width-large:50%;--awb-margin-top-large:7px;--awb-spacing-right-large:3.84%;--awb-margin-bottom-large:20px;--awb-spacing-left-large:3.84%;--awb-width-medium:50%;--awb-order-medium:0;--awb-spacing-right-medium:3.84%;--awb-spacing-left-medium:3.84%;--awb-width-small:100%;--awb-order-small:0;--awb-spacing-right-small:1.92%;--awb-spacing-left-small:1.92%;\"><div class=\"fusion-column-wrapper fusion-column-has-shadow fusion-flex-justify-content-flex-start fusion-content-layout-column\"><div class=\"fusion-text fusion-text-3\" style=\"--awb-font-size:24px;--awb-text-transform:uppercase;--awb-text-font-family:&quot;Inter&quot;;--awb-text-font-style:normal;--awb-text-font-weight:700;\"><p>VOUS AVEZ DES QUESTIONS? <span style=\"color: #ffffff;\">N'H\u00c9SITEZ PAS \u00c0 DEMANDER...<\/span><\/p>\n<\/div><\/div><\/div><div class=\"fusion-layout-column fusion_builder_column fusion-builder-column-5 fusion_builder_column_1_2 1_2 fusion-flex-column\" style=\"--awb-bg-size:cover;--awb-width-large:50%;--awb-margin-top-large:0px;--awb-spacing-right-large:3.84%;--awb-margin-bottom-large:20px;--awb-spacing-left-large:3.84%;--awb-width-medium:50%;--awb-order-medium:0;--awb-spacing-right-medium:3.84%;--awb-spacing-left-medium:3.84%;--awb-width-small:100%;--awb-order-small:0;--awb-spacing-right-small:1.92%;--awb-spacing-left-small:1.92%;\"><div class=\"fusion-column-wrapper fusion-column-has-shadow fusion-flex-justify-content-flex-start fusion-content-layout-column\"><div class=\"fusion-builder-row fusion-builder-row-inner fusion-row fusion-flex-align-items-flex-start fusion-flex-content-wrap\" style=\"width:104% !important;max-width:104% !important;margin-left: calc(-4% \/ 2 );margin-right: calc(-4% \/ 2 );\"><div class=\"fusion-layout-column fusion_builder_column_inner fusion-builder-nested-column-0 fusion_builder_column_inner_2_3 2_3 fusion-flex-column\" style=\"--awb-bg-size:cover;--awb-width-large:66.666666666667%;--awb-margin-top-large:0px;--awb-spacing-right-large:2.88%;--awb-margin-bottom-large:20px;--awb-spacing-left-large:2.88%;--awb-width-medium:66.666666666667%;--awb-order-medium:0;--awb-spacing-right-medium:2.88%;--awb-spacing-left-medium:2.88%;--awb-width-small:100%;--awb-order-small:0;--awb-spacing-right-small:1.92%;--awb-spacing-left-small:1.92%;\"><div class=\"fusion-column-wrapper fusion-column-has-shadow fusion-flex-justify-content-flex-end fusion-content-layout-row\"><div class=\"fusion-title title fusion-title-7 fusion-sep-none fusion-title-text fusion-title-size-four\"><h4 class=\"fusion-title-heading title-heading-left\" style=\"margin:0;\"><i class=\"fb-icon-element-1 fb-icon-element fontawesome-icon fa-whatsapp fab circle-no fusion-text-flow\" style=\"--awb-font-size:36px;--awb-margin-right:18px;\"><\/i>+248 2780 254<\/p><\/h4><\/div><\/div><\/div><div class=\"fusion-layout-column fusion_builder_column_inner fusion-builder-nested-column-1 fusion_builder_column_inner_1_3 1_3 fusion-flex-column\" style=\"--awb-bg-size:cover;--awb-width-large:33.333333333333%;--awb-margin-top-large:0px;--awb-spacing-right-large:5.76%;--awb-margin-bottom-large:20px;--awb-spacing-left-large:5.76%;--awb-width-medium:33.333333333333%;--awb-order-medium:0;--awb-spacing-right-medium:5.76%;--awb-spacing-left-medium:5.76%;--awb-width-small:100%;--awb-order-small:0;--awb-spacing-right-small:1.92%;--awb-spacing-left-small:1.92%;\"><div class=\"fusion-column-wrapper fusion-column-has-shadow fusion-flex-justify-content-flex-end fusion-content-layout-row\"><div ><a class=\"fusion-button button-flat fusion-button-default-size button-custom fusion-button-default button-2 fusion-button-default-span fusion-button-default-type\" style=\"--button_accent_color:#273f44;--button_border_color:#ffffff;--button_accent_hover_color:#273f44;--button_border_hover_color:#ffffff;--button_border_width-top:2px;--button_border_width-right:2px;--button_border_width-bottom:2px;--button_border_width-left:2px;--button-border-radius-top-left:3px;--button-border-radius-top-right:3px;--button-border-radius-bottom-right:3px;--button-border-radius-bottom-left:3px;--button_gradient_top_color:rgba(0,0,0,0);--button_gradient_bottom_color:rgba(0,0,0,0);--button_gradient_top_color_hover:#efefef;--button_gradient_bottom_color_hover:#efefef;--button_text_transform:uppercase;--button_padding-top:15px;--button_padding-right:21px;--button_padding-bottom:15px;--button_padding-left:21px;--button_typography-font-family:&quot;Inter&quot;;--button_typography-font-style:normal;--button_typography-font-weight:700;\" target=\"_self\" href=\"mailto:booking@papacarrental.com\"><i class=\"fa-paper-plane fas button-icon-left\" aria-hidden=\"true\"><\/i><span class=\"fusion-button-text\">Retour<\/span><\/a><\/div><\/div><\/div><\/div><\/div><\/div><\/div><\/div><div class=\"fusion-fullwidth fullwidth-box fusion-builder-row-4 fusion-flex-container has-pattern-background has-mask-background nonhundred-percent-fullwidth non-hundred-percent-height-scrolling fusion-no-large-visibility\" style=\"--awb-border-radius-top-left:0px;--awb-border-radius-top-right:0px;--awb-border-radius-bottom-right:0px;--awb-border-radius-bottom-left:0px;--awb-padding-top:55px;--awb-padding-top-medium:50px;--awb-padding-bottom-medium:50px;--awb-margin-bottom-medium:0px;--awb-background-color:var(--awb-color5);--awb-flex-wrap:wrap;\" ><div class=\"fusion-builder-row fusion-row fusion-flex-align-items-flex-start fusion-flex-content-wrap\" style=\"max-width:1248px;margin-left: calc(-4% \/ 2 );margin-right: calc(-4% \/ 2 );\"><div class=\"fusion-layout-column fusion_builder_column fusion-builder-column-6 fusion_builder_column_1_1 1_1 fusion-flex-column\" style=\"--awb-bg-size:cover;--awb-width-large:100%;--awb-margin-top-large:7px;--awb-spacing-right-large:1.92%;--awb-margin-bottom-large:20px;--awb-spacing-left-large:1.92%;--awb-width-medium:100%;--awb-order-medium:0;--awb-margin-top-medium:0px;--awb-spacing-right-medium:1.92%;--awb-margin-bottom-medium:0px;--awb-spacing-left-medium:1.92%;--awb-width-small:100%;--awb-order-small:0;--awb-spacing-right-small:1.92%;--awb-spacing-left-small:1.92%;\"><div class=\"fusion-column-wrapper fusion-column-has-shadow fusion-flex-justify-content-flex-start fusion-content-layout-column\"><div class=\"fusion-text fusion-text-4 md-text-align-center sm-text-align-center\" style=\"--awb-font-size:24px;--awb-text-transform:uppercase;--awb-text-font-family:&quot;Inter&quot;;--awb-text-font-style:normal;--awb-text-font-weight:700;\"><p>VOUS AVEZ DES QUESTIONS? <span style=\"color: #ffffff;\">N'H\u00c9SITEZ PAS \u00c0 DEMANDER...<\/span><\/p>\n<\/div><div class=\"fusion-title title fusion-title-8 fusion-sep-none fusion-title-text fusion-title-size-four\"><h4 class=\"fusion-title-heading title-heading-left md-text-align-center sm-text-align-center\" style=\"margin:0;\"><i class=\"fb-icon-element-2 fb-icon-element fontawesome-icon fa-whatsapp fab circle-no fusion-text-flow\" style=\"--awb-font-size:36px;--awb-margin-right:18px;\"><\/i>+248 2780 254<\/h4><\/div><div class=\"md-text-align-center sm-text-align-center\"><a class=\"fusion-button button-flat fusion-button-default-size button-custom fusion-button-default button-3 fusion-button-default-span fusion-button-default-type\" style=\"--button_accent_color:#273f44;--button_border_color:#ffffff;--button_accent_hover_color:#273f44;--button_border_hover_color:#ffffff;--button_border_width-top:2px;--button_border_width-right:2px;--button_border_width-bottom:2px;--button_border_width-left:2px;--button-border-radius-top-left:3px;--button-border-radius-top-right:3px;--button-border-radius-bottom-right:3px;--button-border-radius-bottom-left:3px;--button_gradient_top_color:rgba(0,0,0,0);--button_gradient_bottom_color:rgba(0,0,0,0);--button_gradient_top_color_hover:#efefef;--button_gradient_bottom_color_hover:#efefef;--button_text_transform:uppercase;--button_padding-top:15px;--button_padding-right:21px;--button_padding-bottom:15px;--button_padding-left:21px;--button_typography-font-family:&quot;Inter&quot;;--button_typography-font-style:normal;--button_typography-font-weight:700;--button_margin-top:15px;\" target=\"_self\" href=\"mailto:booking@papacarrental.com\"><i class=\"fa-paper-plane fas button-icon-left\" aria-hidden=\"true\"><\/i><span class=\"fusion-button-text\">Retour<\/span><\/a><\/div><\/div><\/div><\/div><\/div><\/p>\n","protected":false},"excerpt":{"rendered":"","protected":false},"author":4,"featured_media":0,"parent":0,"menu_order":0,"comment_status":"closed","ping_status":"closed","template":"100-width.php","meta":{"footnotes":""},"class_list":["post-5520","page","type-page","status-publish","hentry"],"_links":{"self":[{"href":"https:\/\/papacarrental.com\/fr\/wp-json\/wp\/v2\/pages\/5520","targetHints":{"allow":["GET"]}}],"collection":[{"href":"https:\/\/papacarrental.com\/fr\/wp-json\/wp\/v2\/pages"}],"about":[{"href":"https:\/\/papacarrental.com\/fr\/wp-json\/wp\/v2\/types\/page"}],"author":[{"embeddable":true,"href":"https:\/\/papacarrental.com\/fr\/wp-json\/wp\/v2\/users\/4"}],"replies":[{"embeddable":true,"href":"https:\/\/papacarrental.com\/fr\/wp-json\/wp\/v2\/comments?post=5520"}],"version-history":[{"count":2,"href":"https:\/\/papacarrental.com\/fr\/wp-json\/wp\/v2\/pages\/5520\/revisions"}],"predecessor-version":[{"id":5522,"href":"https:\/\/papacarrental.com\/fr\/wp-json\/wp\/v2\/pages\/5520\/revisions\/5522"}],"wp:attachment":[{"href":"https:\/\/papacarrental.com\/fr\/wp-json\/wp\/v2\/media?parent=5520"}],"curies":[{"name":"wp","href":"https:\/\/api.w.org\/{rel}","templated":true}]}}