{"id":5511,"date":"2019-12-30T15:30:26","date_gmt":"2019-12-30T11:30:26","guid":{"rendered":"https:\/\/papacarrental.com\/infos-sur-les-seychelles\/"},"modified":"2024-03-18T19:35:31","modified_gmt":"2024-03-18T15:35:31","slug":"infos-sur-les-seychelles","status":"publish","type":"page","link":"https:\/\/papacarrental.com\/fr\/infos-sur-les-seychelles\/","title":{"rendered":"Infos sur les Seychelles"},"content":{"rendered":"<div class=\"fusion-fullwidth fullwidth-box fusion-builder-row-1 fusion-flex-container has-pattern-background has-mask-background nonhundred-percent-fullwidth non-hundred-percent-height-scrolling\" style=\"--awb-border-radius-top-left:0px;--awb-border-radius-top-right:0px;--awb-border-radius-bottom-right:0px;--awb-border-radius-bottom-left:0px;--awb-flex-wrap:wrap;\" ><div class=\"fusion-builder-row fusion-row fusion-flex-align-items-flex-start fusion-flex-content-wrap\" style=\"max-width:1248px;margin-left: calc(-4% \/ 2 );margin-right: calc(-4% \/ 2 );\"><div class=\"fusion-layout-column fusion_builder_column fusion-builder-column-0 fusion_builder_column_1_1 1_1 fusion-flex-column\" style=\"--awb-bg-size:cover;--awb-width-large:100%;--awb-margin-top-large:0px;--awb-spacing-right-large:1.92%;--awb-margin-bottom-large:20px;--awb-spacing-left-large:1.92%;--awb-width-medium:100%;--awb-order-medium:0;--awb-spacing-right-medium:1.92%;--awb-spacing-left-medium:1.92%;--awb-width-small:100%;--awb-order-small:0;--awb-spacing-right-small:1.92%;--awb-spacing-left-small:1.92%;\"><div class=\"fusion-column-wrapper fusion-column-has-shadow fusion-flex-justify-content-flex-start fusion-content-layout-column\"><div class=\"fusion-title title fusion-title-1 fusion-sep-none fusion-title-center fusion-title-text fusion-title-size-three\"><h3 class=\"fusion-title-heading title-heading-center\" style=\"margin:0;text-transform:uppercase;\">FAITS INT\u00c9RESSANTS SUR LES SEYCHELLES<\/h3><\/div><\/div><\/div><div class=\"fusion-layout-column fusion_builder_column fusion-builder-column-1 fusion_builder_column_1_2 1_2 fusion-flex-column\" style=\"--awb-bg-size:cover;--awb-width-large:50%;--awb-margin-top-large:0px;--awb-spacing-right-large:3.84%;--awb-margin-bottom-large:20px;--awb-spacing-left-large:3.84%;--awb-width-medium:50%;--awb-order-medium:0;--awb-spacing-right-medium:3.84%;--awb-spacing-left-medium:3.84%;--awb-width-small:100%;--awb-order-small:0;--awb-spacing-right-small:1.92%;--awb-spacing-left-small:1.92%;\"><div class=\"fusion-column-wrapper fusion-column-has-shadow fusion-flex-justify-content-flex-start fusion-content-layout-column\"><div class=\"fusion-text fusion-text-1\"><p><strong>Name:<\/strong> Republic of Seychelles<\/p>\n<p><strong>Origine du nom:<\/strong> Jean Moreau de S\u00e9chelles\u00a0 (King Louis XV's ministre des Finances)<\/p>\n<p><strong>Premier explorateur des Seychelles:<\/strong> Jo\u00e3o de Nova (1501) d\u00e9couvre les \u00eeles Farquhar<\/p>\n<p><strong>Population:<\/strong> Environ 97 871 personnes (2019) et 90 % de la population vivent sur l'\u00eele principale de Mah\u00e9.<\/p>\n<p><strong>\u00cele totale:<\/strong> 115 \u00eeles (42 \u00eeles de Granite et 73 \u00eeles de Corail) d'une superficie totale de 455 km\u00b2 (175 miles carr\u00e9s).<\/p>\n<p><strong>Climat:\u00a0<\/strong> Tropical avec une temp\u00e9rature constante et une humidit\u00e9 \u00e9lev\u00e9e.<\/p>\n<p><strong>Principales saisons:<\/strong> Mousson du nord-ouest de d\u00e9cembre \u00e0 mars et amp; Mousson du sud-est de mai \u00e0 octobre<\/p>\n<p><strong>Fuseau horaire:<\/strong> GMT\/UTC +4<\/p>\n<p><strong>Code d'appel:<\/strong> +248 or (00248)<\/p>\n<p><strong>Langue:<\/strong> Seychellois Creole, English, French,<\/p>\n<p><strong>Monnaie nationale:<\/strong> 1 Seychellois Rupee=100cents<\/p>\n<p><strong>f\u00eate nationale:<\/strong> 18 juin<\/p>\n<\/div><\/div><\/div><div class=\"fusion-layout-column fusion_builder_column fusion-builder-column-2 fusion_builder_column_1_2 1_2 fusion-flex-column\" style=\"--awb-bg-size:cover;--awb-width-large:50%;--awb-margin-top-large:0px;--awb-spacing-right-large:3.84%;--awb-margin-bottom-large:20px;--awb-spacing-left-large:3.84%;--awb-width-medium:50%;--awb-order-medium:0;--awb-spacing-right-medium:3.84%;--awb-spacing-left-medium:3.84%;--awb-width-small:100%;--awb-order-small:0;--awb-spacing-right-small:1.92%;--awb-spacing-left-small:1.92%;\"><div class=\"fusion-column-wrapper fusion-column-has-shadow fusion-flex-justify-content-flex-start fusion-content-layout-column\"><div class=\"fusion-image-element \" style=\"text-align:center;--awb-caption-title-font-family:var(--h2_typography-font-family);--awb-caption-title-font-weight:var(--h2_typography-font-weight);--awb-caption-title-font-style:var(--h2_typography-font-style);--awb-caption-title-size:var(--h2_typography-font-size);--awb-caption-title-transform:var(--h2_typography-text-transform);--awb-caption-title-line-height:var(--h2_typography-line-height);--awb-caption-title-letter-spacing:var(--h2_typography-letter-spacing);\"><span class=\" fusion-imageframe imageframe-none imageframe-1 hover-type-none\"><img decoding=\"async\" width=\"280\" height=\"457\" title=\"fwwfwrf\" src=\"https:\/\/papacarrental.com\/wp-content\/uploads\/2019\/12\/fwwfwrf.png\" class=\"img-responsive wp-image-5211\" alt=\"\" srcset=\"https:\/\/papacarrental.com\/wp-content\/uploads\/2019\/12\/fwwfwrf-184x300.png 184w, https:\/\/papacarrental.com\/wp-content\/uploads\/2019\/12\/fwwfwrf.png 280w\" sizes=\"(max-width: 280px) 100vw, 280px\" \/><\/span><\/div><\/div><\/div><div class=\"fusion-layout-column fusion_builder_column fusion-builder-column-3 fusion_builder_column_1_2 1_2 fusion-flex-column\" style=\"--awb-bg-size:cover;--awb-width-large:50%;--awb-margin-top-large:0px;--awb-spacing-right-large:3.84%;--awb-margin-bottom-large:20px;--awb-spacing-left-large:3.84%;--awb-width-medium:50%;--awb-order-medium:0;--awb-spacing-right-medium:3.84%;--awb-spacing-left-medium:3.84%;--awb-width-small:100%;--awb-order-small:0;--awb-spacing-right-small:1.92%;--awb-spacing-left-small:1.92%;\"><div class=\"fusion-column-wrapper fusion-column-has-shadow fusion-flex-justify-content-flex-start fusion-content-layout-column\"><div class=\"fusion-image-element \" style=\"text-align:center;--awb-caption-title-font-family:var(--h2_typography-font-family);--awb-caption-title-font-weight:var(--h2_typography-font-weight);--awb-caption-title-font-style:var(--h2_typography-font-style);--awb-caption-title-size:var(--h2_typography-font-size);--awb-caption-title-transform:var(--h2_typography-text-transform);--awb-caption-title-line-height:var(--h2_typography-line-height);--awb-caption-title-letter-spacing:var(--h2_typography-letter-spacing);\"><span class=\" fusion-imageframe imageframe-none imageframe-2 hover-type-none\"><img decoding=\"async\" width=\"280\" height=\"458\" title=\"wwrw\" src=\"https:\/\/papacarrental.com\/wp-content\/uploads\/2019\/12\/wwrw.png\" class=\"img-responsive wp-image-5214\" alt=\"\" srcset=\"https:\/\/papacarrental.com\/wp-content\/uploads\/2019\/12\/wwrw-183x300.png 183w, https:\/\/papacarrental.com\/wp-content\/uploads\/2019\/12\/wwrw.png 280w\" sizes=\"(max-width: 280px) 100vw, 280px\" \/><\/span><\/div><\/div><\/div><div class=\"fusion-layout-column fusion_builder_column fusion-builder-column-4 fusion_builder_column_1_2 1_2 fusion-flex-column\" style=\"--awb-bg-size:cover;--awb-width-large:50%;--awb-margin-top-large:0px;--awb-spacing-right-large:3.84%;--awb-margin-bottom-large:20px;--awb-spacing-left-large:3.84%;--awb-width-medium:50%;--awb-order-medium:0;--awb-spacing-right-medium:3.84%;--awb-spacing-left-medium:3.84%;--awb-width-small:100%;--awb-order-small:0;--awb-spacing-right-small:1.92%;--awb-spacing-left-small:1.92%;\"><div class=\"fusion-column-wrapper fusion-column-has-shadow fusion-flex-justify-content-flex-start fusion-content-layout-column\"><div class=\"fusion-text fusion-text-2\"><p><strong>Fleur nationale:<\/strong> Orkid payanke<\/p>\n<p><strong>Arbre national:<\/strong> Coco-de-Mer Palm<\/p>\n<p><strong>Animal national:\u00a0<\/strong> Giant Tortoise<\/p>\n<p><strong>Oiseau national:<\/strong> Black Parrot<\/p>\n<p><strong>Devise nationale:<\/strong> \"Finis Coronat Opus\" (\"The End Crowns the Work\")<\/p>\n<p><strong>Faune des Seychelles:<\/strong> 13 species of amphibians, 30 reptiles, 220 bird species and\u00a0 more than 1,000 species of invertebrates<\/p>\n<p><strong>Seychelles Oiseaux menac\u00e9s:<\/strong> Seychelles paradise flycatcher, Seychelles warbler, Seychelles magpie robin, Seychelles white eye, Seychelles scops owl,\u00a0 Seychelles black parrot<\/p>\n<p><strong>Oiseau incapable de voler dans l'oc\u00e9an Indien:<\/strong> White-Throated Rail from Aldabra Island.<\/p>\n<p><strong>Produits agricoles des Seychelles:<\/strong> Coconuts, cinnamon, sweet potatoes, Cassava (tapioca) and exotic fruits.<\/p>\n<p><strong>Nourriture et plats des Seychelles:<\/strong> Coconut Curry, Ladob, Salted Fish, Shark chutney, Grilled Fish or Octopus etc<\/p>\n<\/div><\/div><\/div><div class=\"fusion-layout-column fusion_builder_column fusion-builder-column-5 fusion_builder_column_1_2 1_2 fusion-flex-column\" style=\"--awb-bg-size:cover;--awb-width-large:50%;--awb-margin-top-large:0px;--awb-spacing-right-large:3.84%;--awb-margin-bottom-large:20px;--awb-spacing-left-large:3.84%;--awb-width-medium:50%;--awb-order-medium:0;--awb-spacing-right-medium:3.84%;--awb-spacing-left-medium:3.84%;--awb-width-small:100%;--awb-order-small:0;--awb-spacing-right-small:1.92%;--awb-spacing-left-small:1.92%;\"><div class=\"fusion-column-wrapper fusion-column-has-shadow fusion-flex-justify-content-flex-start fusion-content-layout-column\"><div class=\"fusion-text fusion-text-3\"><p><strong>Zone des r\u00e9cifs coralliens des Seychelles:<\/strong> around 600,000 km\u00b2 (230,000 sq. miles)<\/p>\n<p><strong>La plus haute montagne des Seychelles:<\/strong> Morne Seychellois', with 905m or 2,969ft.<\/p>\n<p><strong>Cachette des pirates des Seychelles:<\/strong> Anse Forbans (Pirate\u2019s Cove) on Mah\u00e9 and C\u00f4te d\u2019Or on Praslin. It is believed that famous pirate Olivier Levasseur hid a treasure worth more than $160,000 that remains unfound.<\/p>\n<p><strong>Conservation des for\u00eats des Seychelles:<\/strong> Around 50% of its landmass is occupied by national parks and reserves<\/p>\n<p><strong>Conservation marine des Seychelles:<\/strong> By 2020, 410,000 sq km or 30 per cent of Seychelles\u2019 waters are Marine Protected Areas<\/p>\n<p><strong>Sites du patrimoine mondial de l'UNESCO:<\/strong> Vallee de Mai (Praslin island) and the Aldabra atoll<\/p>\n<p><strong>Les arbres les plus rares des Seychelles:<\/strong> Jellyfish trees in Mahe island &amp; Coco-de-Mer palm in Praslin island<\/p>\n<\/div><\/div><\/div><div class=\"fusion-layout-column fusion_builder_column fusion-builder-column-6 fusion_builder_column_1_2 1_2 fusion-flex-column\" style=\"--awb-bg-size:cover;--awb-width-large:50%;--awb-margin-top-large:0px;--awb-spacing-right-large:3.84%;--awb-margin-bottom-large:20px;--awb-spacing-left-large:3.84%;--awb-width-medium:50%;--awb-order-medium:0;--awb-spacing-right-medium:3.84%;--awb-spacing-left-medium:3.84%;--awb-width-small:100%;--awb-order-small:0;--awb-spacing-right-small:1.92%;--awb-spacing-left-small:1.92%;\"><div class=\"fusion-column-wrapper fusion-column-has-shadow fusion-flex-justify-content-flex-start fusion-content-layout-column\"><div class=\"fusion-image-element \" style=\"text-align:center;--awb-caption-title-font-family:var(--h2_typography-font-family);--awb-caption-title-font-weight:var(--h2_typography-font-weight);--awb-caption-title-font-style:var(--h2_typography-font-style);--awb-caption-title-size:var(--h2_typography-font-size);--awb-caption-title-transform:var(--h2_typography-text-transform);--awb-caption-title-line-height:var(--h2_typography-line-height);--awb-caption-title-letter-spacing:var(--h2_typography-letter-spacing);\"><span class=\" fusion-imageframe imageframe-none imageframe-3 hover-type-none\"><img decoding=\"async\" width=\"280\" height=\"459\" title=\"wewewewrgs\" src=\"https:\/\/papacarrental.com\/wp-content\/uploads\/2019\/12\/wewewewrgs.png\" class=\"img-responsive wp-image-5217\" alt=\"\" srcset=\"https:\/\/papacarrental.com\/wp-content\/uploads\/2019\/12\/wewewewrgs-183x300.png 183w, https:\/\/papacarrental.com\/wp-content\/uploads\/2019\/12\/wewewewrgs.png 280w\" sizes=\"(max-width: 280px) 100vw, 280px\" \/><\/span><\/div><\/div><\/div><div class=\"fusion-layout-column fusion_builder_column fusion-builder-column-7 fusion_builder_column_1_2 1_2 fusion-flex-column\" style=\"--awb-bg-size:cover;--awb-width-large:50%;--awb-margin-top-large:0px;--awb-spacing-right-large:3.84%;--awb-margin-bottom-large:20px;--awb-spacing-left-large:3.84%;--awb-width-medium:50%;--awb-order-medium:0;--awb-spacing-right-medium:3.84%;--awb-spacing-left-medium:3.84%;--awb-width-small:100%;--awb-order-small:0;--awb-spacing-right-small:1.92%;--awb-spacing-left-small:1.92%;\"><div class=\"fusion-column-wrapper fusion-column-has-shadow fusion-flex-justify-content-flex-start fusion-content-layout-column\"><div class=\"fusion-image-element \" style=\"text-align:center;--awb-caption-title-font-family:var(--h2_typography-font-family);--awb-caption-title-font-weight:var(--h2_typography-font-weight);--awb-caption-title-font-style:var(--h2_typography-font-style);--awb-caption-title-size:var(--h2_typography-font-size);--awb-caption-title-transform:var(--h2_typography-text-transform);--awb-caption-title-line-height:var(--h2_typography-line-height);--awb-caption-title-letter-spacing:var(--h2_typography-letter-spacing);\"><span class=\" fusion-imageframe imageframe-none imageframe-4 hover-type-none\"><img decoding=\"async\" width=\"565\" height=\"388\" title=\"dgdgdgd\" src=\"https:\/\/papacarrental.com\/wp-content\/uploads\/2019\/12\/dgdgdgd.jpg\" class=\"img-responsive wp-image-5220\" alt=\"\" srcset=\"https:\/\/papacarrental.com\/wp-content\/uploads\/2019\/12\/dgdgdgd-300x206.jpg 300w, https:\/\/papacarrental.com\/wp-content\/uploads\/2019\/12\/dgdgdgd-500x343.jpg 500w, https:\/\/papacarrental.com\/wp-content\/uploads\/2019\/12\/dgdgdgd.jpg 565w\" sizes=\"(max-width: 565px) 100vw, 565px\" \/><\/span><\/div><div class=\"fusion-image-element \" style=\"text-align:center;--awb-caption-title-font-family:var(--h2_typography-font-family);--awb-caption-title-font-weight:var(--h2_typography-font-weight);--awb-caption-title-font-style:var(--h2_typography-font-style);--awb-caption-title-size:var(--h2_typography-font-size);--awb-caption-title-transform:var(--h2_typography-text-transform);--awb-caption-title-line-height:var(--h2_typography-line-height);--awb-caption-title-letter-spacing:var(--h2_typography-letter-spacing);\"><span class=\" fusion-imageframe imageframe-none imageframe-5 hover-type-none\"><img decoding=\"async\" width=\"571\" height=\"390\" title=\"egegegses\" src=\"https:\/\/papacarrental.com\/wp-content\/uploads\/2019\/12\/egegegses.jpg\" class=\"img-responsive wp-image-5223\" alt=\"\" srcset=\"https:\/\/papacarrental.com\/wp-content\/uploads\/2019\/12\/egegegses-300x205.jpg 300w, https:\/\/papacarrental.com\/wp-content\/uploads\/2019\/12\/egegegses-500x342.jpg 500w, https:\/\/papacarrental.com\/wp-content\/uploads\/2019\/12\/egegegses.jpg 571w\" sizes=\"(max-width: 571px) 100vw, 571px\" \/><\/span><\/div><\/div><\/div><div class=\"fusion-layout-column fusion_builder_column fusion-builder-column-8 fusion_builder_column_1_2 1_2 fusion-flex-column\" style=\"--awb-bg-size:cover;--awb-width-large:50%;--awb-margin-top-large:0px;--awb-spacing-right-large:3.84%;--awb-margin-bottom-large:20px;--awb-spacing-left-large:3.84%;--awb-width-medium:50%;--awb-order-medium:0;--awb-spacing-right-medium:3.84%;--awb-spacing-left-medium:3.84%;--awb-width-small:100%;--awb-order-small:0;--awb-spacing-right-small:1.92%;--awb-spacing-left-small:1.92%;\"><div class=\"fusion-column-wrapper fusion-column-has-shadow fusion-flex-justify-content-flex-start fusion-content-layout-column\"><div class=\"fusion-text fusion-text-4\"><p><strong>Le deuxi\u00e8me plus grand atol corallien du monde\u00a0:<\/strong> Atoll d'Aldabra (\u00e9galement le plus grand atol corallien sur\u00e9lev\u00e9 du monde) Superficie\u00a0: 155,4 km\u00b2<\/p>\n<p><strong>Premier parc marin de l'oc\u00e9an Indien :<\/strong> Le Parc National Marin de Sainte Anne, 1973.<\/p>\n<p><strong>Les plus anciennes \u00eeles oc\u00e9aniques de la plan\u00e8te\u00a0:<\/strong> les \u00eeles granitiques des Seychelles<\/p>\n<p><strong>La plus petite capitale du monde\u00a0:<\/strong> Victoria, la capitale des Seychelles.<\/p>\n<p><strong>La plus grosse graine du monde :<\/strong>\u00a0 Graines de Coco de mer ou Noix d'amour de l'\u00eele de Praslin (environ 20 Kgs)<\/p>\n<p><strong>Le plus gros arthropode du monde\u00a0:<\/strong> Crabe des cocotiers (Crabe voleur ou voleur de palmiers) aux Seychelles<\/p>\n<p><strong>Les plus grandes colonies mondiales de noddy seabird\u00a0:<\/strong> l'\u00eele d'Aride.<\/p>\n<p><strong>La plus grande population de tortues au monde\u00a0:<\/strong> Atoll d'Aldabra Plus de 152 000 tortues g\u00e9antes (c'est plus de tortues qu'il n'y a d'humains aux Seychelles\u00a0!)<\/p>\n<p><strong>La tortue terrestre la plus lourde du monde\u00a0:<\/strong> Esmeralda,\u00a0 c'est un gars de 363\u00a0kg, \u00e2g\u00e9 de 170\u00a0ans, vivant \u00e0 Bird Island<\/p>\n<p>Avez-vous h\u00e2te de visiter bient\u00f4t les Seychelles, vous avez besoin d'une entreprise de location de voitures fiable et s\u00fbre qui fait tout son possible pour assurer votre s\u00e9curit\u00e9 et votre confort tout au long de votre s\u00e9jour sur l'\u00eele. Nous sommes Papa Car Rental, une <strong><a href=\"https:\/\/papacarrental.com\/fr\/\" target=\"_blank\" rel=\"noopener noreferrer\">location de voitures renomm\u00e9e aux Seychelles<\/a><\/strong> connue pour confiance, confort et \u00e9conomique.<\/p>\n<p>Vous pouvez utiliser n'importe lequel de ces bons pour des <a href=\"https:\/\/papacarrental.com\/mahe-taxi-voucher\/\">taxi \u00e0 Mah\u00e9<\/a> ou <a href=\"https:\/\/papacarrental .com\/praslin-taxi-voucher\/\">Praslin<\/a>. Ces bons sont tr\u00e8s utiles pour les clients qui visitent les \u00eeles, les transits entre les \u00eeles et pour les visiteurs qui pr\u00e9f\u00e8rent louer la voiture \u00e0 l'h\u00f4tel apr\u00e8s un long vol.<\/p>\n<\/div><\/div><\/div><\/div><\/div>\n","protected":false},"excerpt":{"rendered":"","protected":false},"author":3,"featured_media":0,"parent":0,"menu_order":0,"comment_status":"closed","ping_status":"closed","template":"","meta":{"footnotes":""},"class_list":["post-5511","page","type-page","status-publish","hentry"],"_links":{"self":[{"href":"https:\/\/papacarrental.com\/fr\/wp-json\/wp\/v2\/pages\/5511","targetHints":{"allow":["GET"]}}],"collection":[{"href":"https:\/\/papacarrental.com\/fr\/wp-json\/wp\/v2\/pages"}],"about":[{"href":"https:\/\/papacarrental.com\/fr\/wp-json\/wp\/v2\/types\/page"}],"author":[{"embeddable":true,"href":"https:\/\/papacarrental.com\/fr\/wp-json\/wp\/v2\/users\/3"}],"replies":[{"embeddable":true,"href":"https:\/\/papacarrental.com\/fr\/wp-json\/wp\/v2\/comments?post=5511"}],"version-history":[{"count":2,"href":"https:\/\/papacarrental.com\/fr\/wp-json\/wp\/v2\/pages\/5511\/revisions"}],"predecessor-version":[{"id":5513,"href":"https:\/\/papacarrental.com\/fr\/wp-json\/wp\/v2\/pages\/5511\/revisions\/5513"}],"wp:attachment":[{"href":"https:\/\/papacarrental.com\/fr\/wp-json\/wp\/v2\/media?parent=5511"}],"curies":[{"name":"wp","href":"https:\/\/api.w.org\/{rel}","templated":true}]}}