{"id":5556,"date":"2023-01-17T20:22:34","date_gmt":"2023-01-17T16:22:34","guid":{"rendered":"https:\/\/papacarrental.com\/allgemeine-geschaeftsbedingungen-und-treiberhandbuch\/"},"modified":"2024-05-16T12:42:49","modified_gmt":"2024-05-16T08:42:49","slug":"allgemeine-geschaeftsbedingungen-und-treiberhandbuch","status":"publish","type":"page","link":"https:\/\/papacarrental.com\/de\/allgemeine-geschaeftsbedingungen-und-treiberhandbuch\/","title":{"rendered":"Allgemeine Gesch\u00e4ftsbedingungen und Treiberhandbuch"},"content":{"rendered":"<p><div class=\"fusion-fullwidth fullwidth-box fusion-builder-row-1 fusion-flex-container has-pattern-background has-mask-background nonhundred-percent-fullwidth non-hundred-percent-height-scrolling\" style=\"--awb-border-radius-top-left:0px;--awb-border-radius-top-right:0px;--awb-border-radius-bottom-right:0px;--awb-border-radius-bottom-left:0px;--awb-flex-wrap:wrap;\" ><div class=\"fusion-builder-row fusion-row fusion-flex-align-items-flex-start fusion-flex-content-wrap\" style=\"max-width:1248px;margin-left: calc(-4% \/ 2 );margin-right: calc(-4% \/ 2 );\"><div class=\"fusion-layout-column fusion_builder_column fusion-builder-column-0 fusion_builder_column_1_2 1_2 fusion-flex-column\" style=\"--awb-bg-size:cover;--awb-width-large:50%;--awb-margin-top-large:0px;--awb-spacing-right-large:3.84%;--awb-margin-bottom-large:20px;--awb-spacing-left-large:3.84%;--awb-width-medium:50%;--awb-order-medium:0;--awb-spacing-right-medium:3.84%;--awb-spacing-left-medium:3.84%;--awb-width-small:100%;--awb-order-small:0;--awb-spacing-right-small:1.92%;--awb-spacing-left-small:1.92%;\"><div class=\"fusion-column-wrapper fusion-column-has-shadow fusion-flex-justify-content-flex-start fusion-content-layout-column\"><div class=\"fusion-image-element \" style=\"text-align:center;--awb-caption-title-font-family:var(--h2_typography-font-family);--awb-caption-title-font-weight:var(--h2_typography-font-weight);--awb-caption-title-font-style:var(--h2_typography-font-style);--awb-caption-title-size:var(--h2_typography-font-size);--awb-caption-title-transform:var(--h2_typography-text-transform);--awb-caption-title-line-height:var(--h2_typography-line-height);--awb-caption-title-letter-spacing:var(--h2_typography-letter-spacing);\"><span class=\" fusion-imageframe imageframe-none imageframe-1 hover-type-none\"><img decoding=\"async\" width=\"280\" height=\"461\" title=\"hey\" src=\"https:\/\/papacarrental.com\/wp-content\/uploads\/2019\/12\/hey.png\" class=\"img-responsive wp-image-5185\" alt=\"\" srcset=\"https:\/\/papacarrental.com\/wp-content\/uploads\/2019\/12\/hey-182x300.png 182w, https:\/\/papacarrental.com\/wp-content\/uploads\/2019\/12\/hey.png 280w\" sizes=\"(max-width: 280px) 100vw, 280px\" \/><\/span><\/div><\/div><\/div><div class=\"fusion-layout-column fusion_builder_column fusion-builder-column-1 fusion_builder_column_1_2 1_2 fusion-flex-column\" style=\"--awb-bg-size:cover;--awb-width-large:50%;--awb-margin-top-large:0px;--awb-spacing-right-large:3.84%;--awb-margin-bottom-large:20px;--awb-spacing-left-large:3.84%;--awb-width-medium:50%;--awb-order-medium:0;--awb-spacing-right-medium:3.84%;--awb-spacing-left-medium:3.84%;--awb-width-small:100%;--awb-order-small:0;--awb-spacing-right-small:1.92%;--awb-spacing-left-small:1.92%;\"><div class=\"fusion-column-wrapper fusion-column-has-shadow fusion-flex-justify-content-flex-start fusion-content-layout-column\"><div class=\"fusion-title title fusion-title-1 fusion-sep-none fusion-title-text fusion-title-size-three\" style=\"--awb-text-color:var(--awb-color4);\"><h3 class=\"fusion-title-heading title-heading-left\" style=\"margin:0;\">Seychelles - Fahrerhandbuch<\/h3><\/div><div class=\"fusion-text fusion-text-1\"><p><strong>Fahrerseite:<\/strong> Es wird auf der linken Stra\u00dfenseite gefahren<br \/>\n<strong>Fahrzeugtyp:<\/strong>Fahrzeug mit Rechtslenkung &lt; Lenkrad auf der rechten Seite&gt;<br \/>\n<strong>Stra\u00dfenqualit\u00e4t: <\/strong>Glatte Hauptstra\u00dfen und bergige schmale Stra\u00dfe mit Steigungen und Kurven<\/p>\n<\/div><div class=\"accordian fusion-accordian\" style=\"--awb-border-size:1px;--awb-icon-size:16px;--awb-content-font-size:var(--awb-typography4-font-size);--awb-icon-alignment:left;--awb-hover-color:var(--awb-color2);--awb-border-color:var(--awb-color3);--awb-background-color:var(--awb-color1);--awb-divider-color:var(--awb-color3);--awb-divider-hover-color:var(--awb-color3);--awb-icon-color:var(--awb-color1);--awb-title-color:var(--awb-color8);--awb-content-color:var(--awb-color8);--awb-icon-box-color:var(--awb-color8);--awb-toggle-hover-accent-color:var(--awb-color5);--awb-title-font-family:var(--awb-typography1-font-family);--awb-title-font-weight:var(--awb-typography1-font-weight);--awb-title-font-style:var(--awb-typography1-font-style);--awb-title-font-size:16px;--awb-content-font-family:var(--awb-typography4-font-family);--awb-content-font-weight:var(--awb-typography4-font-weight);--awb-content-font-style:var(--awb-typography4-font-style);\"><div class=\"panel-group fusion-toggle-icon-boxed\" id=\"accordion-5556-1\"><div class=\"fusion-panel panel-default panel-14c5548e32504f187 fusion-toggle-has-divider\" style=\"--awb-title-color:var(--awb-color8);\"><div class=\"panel-heading\"><h4 class=\"panel-title toggle\" id=\"toggle_14c5548e32504f187\"><a aria-expanded=\"false\" aria-controls=\"14c5548e32504f187\" role=\"button\" data-toggle=\"collapse\" data-parent=\"#accordion-5556-1\" data-target=\"#14c5548e32504f187\" href=\"#14c5548e32504f187\"><span class=\"fusion-toggle-icon-wrapper\" aria-hidden=\"true\"><i class=\"fa-fusion-box active-icon awb-icon-minus\" aria-hidden=\"true\"><\/i><i class=\"fa-fusion-box inactive-icon awb-icon-plus\" aria-hidden=\"true\"><\/i><\/span><span class=\"fusion-toggle-heading\">F\u00fchrerscheinpflicht:<\/span><\/a><\/h4><\/div><div id=\"14c5548e32504f187\" class=\"panel-collapse collapse \" aria-labelledby=\"toggle_14c5548e32504f187\"><div class=\"panel-body toggle-content fusion-clearfix\">\n<p style=\"text-align: justify;\">Gem\u00e4\u00df den Verkehrsvorschriften der Seychellen verlangt unsere Versicherungsgesellschaft ein Mindestfahralter von 21 Jahren und dass Ihr F\u00fchrerschein erstmals vor mindestens einem Jahr ausgestellt wurde. Der F\u00fchrerschein sollte in Latein verfasst sein Buchstaben.<\/p>\n<p style=\"text-align: justify;\">Ein g\u00fcltiger, nicht abgelaufener nationaler F\u00fchrerschein reicht aus, um bis zu 3 Monate auf den Seychellen zu fahren.<\/p>\n<p style=\"text-align: justify;\">Wer einen F\u00fchrerschein besitzt, der in einem nicht-lateinischen Alphabet ausgestellt wurde (L\u00e4nder wie China, Korea, Russland usw.), muss auch einen g\u00fcltigen internationalen F\u00fchrerschein vorlegen.<\/p>\n<p style=\"text-align: justify;\">Der F\u00fchrerschein muss mindestens 12 Monate vor Mietbeginn von einer autorisierten Beh\u00f6rde ausgestellt worden sein.<\/p>\n<\/div><\/div><\/div><div class=\"fusion-panel panel-default panel-9738a795184625b0c fusion-toggle-has-divider\" style=\"--awb-title-color:var(--awb-color8);\"><div class=\"panel-heading\"><h4 class=\"panel-title toggle\" id=\"toggle_9738a795184625b0c\"><a aria-expanded=\"false\" aria-controls=\"9738a795184625b0c\" role=\"button\" data-toggle=\"collapse\" data-parent=\"#accordion-5556-1\" data-target=\"#9738a795184625b0c\" href=\"#9738a795184625b0c\"><span class=\"fusion-toggle-icon-wrapper\" aria-hidden=\"true\"><i class=\"fa-fusion-box active-icon awb-icon-minus\" aria-hidden=\"true\"><\/i><i class=\"fa-fusion-box inactive-icon awb-icon-plus\" aria-hidden=\"true\"><\/i><\/span><span class=\"fusion-toggle-heading\">Geschwindigkeitsbegrenzung f\u00fcr die Insel Mah\u00e9:<\/span><\/a><\/h4><\/div><div id=\"9738a795184625b0c\" class=\"panel-collapse collapse \" aria-labelledby=\"toggle_9738a795184625b0c\"><div class=\"panel-body toggle-content fusion-clearfix\"><strong>40 km\/h<\/strong> \u2013 Bebaute Gebiete<br \/>\n<strong>60 km\/h<\/strong> \u2013 Offene Stra\u00dfen au\u00dferhalb der Stadt<br \/>\n<strong>80 km\/h<\/strong> \u2013 Autobahn zwischen Victoria und dem Flughafen<\/div><\/div><\/div><div class=\"fusion-panel panel-default panel-7beb983b9ac493967 fusion-toggle-has-divider\" style=\"--awb-title-color:var(--awb-color8);\"><div class=\"panel-heading\"><h4 class=\"panel-title toggle\" id=\"toggle_7beb983b9ac493967\"><a aria-expanded=\"false\" aria-controls=\"7beb983b9ac493967\" role=\"button\" data-toggle=\"collapse\" data-parent=\"#accordion-5556-1\" data-target=\"#7beb983b9ac493967\" href=\"#7beb983b9ac493967\"><span class=\"fusion-toggle-icon-wrapper\" aria-hidden=\"true\"><i class=\"fa-fusion-box active-icon awb-icon-minus\" aria-hidden=\"true\"><\/i><i class=\"fa-fusion-box inactive-icon awb-icon-plus\" aria-hidden=\"true\"><\/i><\/span><span class=\"fusion-toggle-heading\">Geschwindigkeitsbegrenzung f\u00fcr die Insel Praslin:<\/span><\/a><\/h4><\/div><div id=\"7beb983b9ac493967\" class=\"panel-collapse collapse \" aria-labelledby=\"toggle_7beb983b9ac493967\"><div class=\"panel-body toggle-content fusion-clearfix\"><strong>40km\/h<\/strong> -- Rund um die Insel.<\/div><\/div><\/div><div class=\"fusion-panel panel-default panel-6eb4337cfb2021c26 fusion-toggle-has-divider\" style=\"--awb-title-color:var(--awb-color8);\"><div class=\"panel-heading\"><h4 class=\"panel-title toggle\" id=\"toggle_6eb4337cfb2021c26\"><a aria-expanded=\"false\" aria-controls=\"6eb4337cfb2021c26\" role=\"button\" data-toggle=\"collapse\" data-parent=\"#accordion-5556-1\" data-target=\"#6eb4337cfb2021c26\" href=\"#6eb4337cfb2021c26\"><span class=\"fusion-toggle-icon-wrapper\" aria-hidden=\"true\"><i class=\"fa-fusion-box active-icon awb-icon-minus\" aria-hidden=\"true\"><\/i><i class=\"fa-fusion-box inactive-icon awb-icon-plus\" aria-hidden=\"true\"><\/i><\/span><span class=\"fusion-toggle-heading\">zus\u00e4tzliche Information:<\/span><\/a><\/h4><\/div><div id=\"6eb4337cfb2021c26\" class=\"panel-collapse collapse \" aria-labelledby=\"toggle_6eb4337cfb2021c26\"><div class=\"panel-body toggle-content fusion-clearfix\">\n<ul>\n<li>Der\u00a0zul\u00e4ssige Blutalkoholspiegel\u00a0auf den Seychellen betr\u00e4gt 0,08\u00a0%. Unsere Versicherungspolice setzt voraus, dass Sie zu 100 % alkoholfrei sind.<\/li>\n<li>Fahrer und Beifahrer m\u00fcssen Sicherheitsgurte tragen.<\/li>\n<li>Bitte lassen Sie keine Wertsachen sichtbar im Auto zur\u00fcck.<\/li>\n<li>Es gibt keine Gehwege, halten Sie also Ausschau nach Fu\u00dfg\u00e4ngern.<\/li>\n<\/ul>\n<\/div><\/div><\/div><\/div><\/div><\/div><\/div><\/div><\/div><div class=\"fusion-fullwidth fullwidth-box fusion-builder-row-2 fusion-flex-container has-pattern-background has-mask-background nonhundred-percent-fullwidth non-hundred-percent-height-scrolling\" style=\"--awb-border-radius-top-left:0px;--awb-border-radius-top-right:0px;--awb-border-radius-bottom-right:0px;--awb-border-radius-bottom-left:0px;--awb-padding-bottom:25px;--awb-flex-wrap:wrap;\" ><div class=\"fusion-builder-row fusion-row fusion-flex-align-items-flex-start fusion-flex-content-wrap\" style=\"max-width:1248px;margin-left: calc(-4% \/ 2 );margin-right: calc(-4% \/ 2 );\"><div class=\"fusion-layout-column fusion_builder_column fusion-builder-column-2 fusion_builder_column_1_2 1_2 fusion-flex-column\" style=\"--awb-bg-size:cover;--awb-width-large:50%;--awb-margin-top-large:0px;--awb-spacing-right-large:3.84%;--awb-margin-bottom-large:20px;--awb-spacing-left-large:3.84%;--awb-width-medium:50%;--awb-order-medium:0;--awb-spacing-right-medium:3.84%;--awb-spacing-left-medium:3.84%;--awb-width-small:100%;--awb-order-small:0;--awb-spacing-right-small:1.92%;--awb-spacing-left-small:1.92%;\"><div class=\"fusion-column-wrapper fusion-column-has-shadow fusion-flex-justify-content-flex-start fusion-content-layout-column\"><div class=\"fusion-title title fusion-title-2 fusion-sep-none fusion-title-text fusion-title-size-three\"><h3 class=\"fusion-title-heading title-heading-left\" style=\"margin:0;\">Unsere Allgemeinen Gesch\u00e4ftsbedingungen<\/h3><\/div><div class=\"fusion-text fusion-text-2\"><p style=\"text-align: justify;\"><span style=\"color: #000000;\"><strong>PAPA CAR RENTAL Seychelles<\/strong> ist ein Autovermietungsmaklerunternehmen. Unser Motto: Einfacher Autobuchungsprozess, kosteng\u00fcnstige Mietoption und zuverl\u00e4ssiger Service. <strong>Wir bieten unseren Mietwagenservice auf den Seychellen an<\/strong> &lt; <strong>Mahe und Praslin Island<\/strong> &gt; an die Kunden auf der ganzen Welt.<\/span><\/p>\n<p style=\"text-align: justify;\"><span style=\"color: #000000;\">Unsere Mietwagenpreise werden in 24-Stunden-Zyklen berechnet. Die Fahrzeugreservierung durch PAPA CAR RENTAL wird innerhalb von 24 bis 36 Stunden best\u00e4tigt. F\u00fcr 1-Tages-Autobuchungen, 2-Tages-Autobuchungen und Last-Minute-Buchungen unterliegen sie der Verf\u00fcgbarkeit. F\u00fcr dringende Buchungsanfragen senden Sie bitte die Mietwagendetails \u00fcber <strong>WhatsApp<\/strong> an <strong>+248 2780254 oder per E-Mail<\/strong> an <strong> booking@papacarrental.com<\/strong><br \/>\n&gt;&gt; INSEL (Mahe oder Praslin)<br \/>\n&gt;&gt; Details zur Fahrzeugabholung (DATUM\/ORT\/ZEIT)<br \/>\n&gt;&gt; Details zur Fahrzeugabgabe (DATUM\/ORT\/ZEIT)<br \/>\n&gt;&gt; Ihre WhatsApp-Nummer (L\u00e4ndervorwahl und Handynummer)<br \/>\n<\/span><\/p>\n<\/div><div ><a class=\"fusion-button button-flat fusion-button-default-size button-default fusion-button-default button-1 fusion-button-default-span fusion-button-default-type\" style=\"--button_text_transform:uppercase;\" target=\"_self\" href=\"https:\/\/papacarrental.com\/terms\/\"><span class=\"fusion-button-text\">Unsere Bedingungen<\/span><\/a><\/div><\/div><\/div><div class=\"fusion-layout-column fusion_builder_column fusion-builder-column-3 fusion_builder_column_1_2 1_2 fusion-flex-column\" style=\"--awb-bg-size:cover;--awb-width-large:50%;--awb-margin-top-large:0px;--awb-spacing-right-large:3.84%;--awb-margin-bottom-large:20px;--awb-spacing-left-large:3.84%;--awb-width-medium:50%;--awb-order-medium:0;--awb-spacing-right-medium:3.84%;--awb-spacing-left-medium:3.84%;--awb-width-small:100%;--awb-order-small:0;--awb-spacing-right-small:1.92%;--awb-spacing-left-small:1.92%;\"><div class=\"fusion-column-wrapper fusion-column-has-shadow fusion-flex-justify-content-flex-start fusion-content-layout-column\"><div class=\"fusion-title title fusion-title-3 fusion-sep-none fusion-title-text fusion-title-size-three\" style=\"--awb-text-color:var(--awb-color4);\"><h3 class=\"fusion-title-heading title-heading-left\" style=\"margin:0;text-transform:uppercase;\">GRAMIN GPS<\/h3><\/div><div class=\"fusion-title title fusion-title-4 fusion-sep-none fusion-title-text fusion-title-size-four\"><h4 class=\"fusion-title-heading title-heading-left\" style=\"margin:0;\">Buchen Sie das Auto mit dem GPS-Navigationsger\u00e4t von Garmin<\/h4><\/div><div class=\"fusion-image-element \" style=\"text-align:center;--awb-caption-title-font-family:var(--h2_typography-font-family);--awb-caption-title-font-weight:var(--h2_typography-font-weight);--awb-caption-title-font-style:var(--h2_typography-font-style);--awb-caption-title-size:var(--h2_typography-font-size);--awb-caption-title-transform:var(--h2_typography-text-transform);--awb-caption-title-line-height:var(--h2_typography-line-height);--awb-caption-title-letter-spacing:var(--h2_typography-letter-spacing);\"><span class=\" fusion-imageframe imageframe-none imageframe-2 hover-type-none\"><img decoding=\"async\" width=\"300\" height=\"178\" title=\"Automotive-GPS-Navigation-Car-GPS-product-gallery-drive-2-Garmin\" src=\"https:\/\/papacarrental.com\/wp-content\/uploads\/2020\/01\/Automotive-GPS-Navigation-Car-GPS-product-gallery-drive-2-Garmin-300x178.jpg\" class=\"img-responsive wp-image-5374\" alt=\"\" srcset=\"https:\/\/papacarrental.com\/wp-content\/uploads\/2020\/01\/Automotive-GPS-Navigation-Car-GPS-product-gallery-drive-2-Garmin-280x165.jpg 280w, https:\/\/papacarrental.com\/wp-content\/uploads\/2020\/01\/Automotive-GPS-Navigation-Car-GPS-product-gallery-drive-2-Garmin-300x178.jpg 300w, https:\/\/papacarrental.com\/wp-content\/uploads\/2020\/01\/Automotive-GPS-Navigation-Car-GPS-product-gallery-drive-2-Garmin.jpg 450w\" sizes=\"(max-width: 300px) 100vw, 300px\" \/><\/span><\/div><div class=\"fusion-title title fusion-title-5 fusion-sep-none fusion-title-text fusion-title-size-four\" style=\"--awb-text-color:var(--awb-color4);\"><h4 class=\"fusion-title-heading title-heading-right\" style=\"margin:0;\">Erkunden<\/h4><\/div><div class=\"fusion-title title fusion-title-6 fusion-sep-none fusion-title-text fusion-title-size-five\"><h5 class=\"fusion-title-heading title-heading-right\" style=\"margin:0;\">Seychellen ohne Probleme !<\/h5><\/div><\/div><\/div><\/div><\/div><div class=\"fusion-fullwidth fullwidth-box fusion-builder-row-3 fusion-flex-container has-pattern-background has-mask-background nonhundred-percent-fullwidth non-hundred-percent-height-scrolling fusion-no-small-visibility fusion-no-medium-visibility\" style=\"--awb-border-radius-top-left:0px;--awb-border-radius-top-right:0px;--awb-border-radius-bottom-right:0px;--awb-border-radius-bottom-left:0px;--awb-padding-top:55px;--awb-background-color:var(--awb-color5);--awb-flex-wrap:wrap;\" ><div class=\"fusion-builder-row fusion-row fusion-flex-align-items-flex-start fusion-flex-content-wrap\" style=\"max-width:1248px;margin-left: calc(-4% \/ 2 );margin-right: calc(-4% \/ 2 );\"><div class=\"fusion-layout-column fusion_builder_column fusion-builder-column-4 fusion_builder_column_1_2 1_2 fusion-flex-column\" style=\"--awb-bg-size:cover;--awb-width-large:50%;--awb-margin-top-large:7px;--awb-spacing-right-large:3.84%;--awb-margin-bottom-large:20px;--awb-spacing-left-large:3.84%;--awb-width-medium:50%;--awb-order-medium:0;--awb-spacing-right-medium:3.84%;--awb-spacing-left-medium:3.84%;--awb-width-small:100%;--awb-order-small:0;--awb-spacing-right-small:1.92%;--awb-spacing-left-small:1.92%;\"><div class=\"fusion-column-wrapper fusion-column-has-shadow fusion-flex-justify-content-flex-start fusion-content-layout-column\"><div class=\"fusion-text fusion-text-3\" style=\"--awb-font-size:24px;--awb-text-transform:uppercase;--awb-text-font-family:&quot;Inter&quot;;--awb-text-font-style:normal;--awb-text-font-weight:700;\"><p>HABEN SIE FRAGEN? <span style=\"color: #ffffff;\">FRAGEN SIE NUR...<\/span><\/p>\n<\/div><\/div><\/div><div class=\"fusion-layout-column fusion_builder_column fusion-builder-column-5 fusion_builder_column_1_2 1_2 fusion-flex-column\" style=\"--awb-bg-size:cover;--awb-width-large:50%;--awb-margin-top-large:0px;--awb-spacing-right-large:3.84%;--awb-margin-bottom-large:20px;--awb-spacing-left-large:3.84%;--awb-width-medium:50%;--awb-order-medium:0;--awb-spacing-right-medium:3.84%;--awb-spacing-left-medium:3.84%;--awb-width-small:100%;--awb-order-small:0;--awb-spacing-right-small:1.92%;--awb-spacing-left-small:1.92%;\"><div class=\"fusion-column-wrapper fusion-column-has-shadow fusion-flex-justify-content-flex-start fusion-content-layout-column\"><div class=\"fusion-builder-row fusion-builder-row-inner fusion-row fusion-flex-align-items-flex-start fusion-flex-content-wrap\" style=\"width:104% !important;max-width:104% !important;margin-left: calc(-4% \/ 2 );margin-right: calc(-4% \/ 2 );\"><div class=\"fusion-layout-column fusion_builder_column_inner fusion-builder-nested-column-0 fusion_builder_column_inner_2_3 2_3 fusion-flex-column\" style=\"--awb-bg-size:cover;--awb-width-large:66.666666666667%;--awb-margin-top-large:0px;--awb-spacing-right-large:2.88%;--awb-margin-bottom-large:20px;--awb-spacing-left-large:2.88%;--awb-width-medium:66.666666666667%;--awb-order-medium:0;--awb-spacing-right-medium:2.88%;--awb-spacing-left-medium:2.88%;--awb-width-small:100%;--awb-order-small:0;--awb-spacing-right-small:1.92%;--awb-spacing-left-small:1.92%;\"><div class=\"fusion-column-wrapper fusion-column-has-shadow fusion-flex-justify-content-flex-end fusion-content-layout-row\"><div class=\"fusion-title title fusion-title-7 fusion-sep-none fusion-title-text fusion-title-size-four\"><h4 class=\"fusion-title-heading title-heading-left\" style=\"margin:0;\"><i class=\"fb-icon-element-1 fb-icon-element fontawesome-icon fa-whatsapp fab circle-no fusion-text-flow\" style=\"--awb-font-size:36px;--awb-margin-right:18px;\"><\/i>+248 2780 254<\/p><\/h4><\/div><\/div><\/div><div class=\"fusion-layout-column fusion_builder_column_inner fusion-builder-nested-column-1 fusion_builder_column_inner_1_3 1_3 fusion-flex-column\" style=\"--awb-bg-size:cover;--awb-width-large:33.333333333333%;--awb-margin-top-large:0px;--awb-spacing-right-large:5.76%;--awb-margin-bottom-large:20px;--awb-spacing-left-large:5.76%;--awb-width-medium:33.333333333333%;--awb-order-medium:0;--awb-spacing-right-medium:5.76%;--awb-spacing-left-medium:5.76%;--awb-width-small:100%;--awb-order-small:0;--awb-spacing-right-small:1.92%;--awb-spacing-left-small:1.92%;\"><div class=\"fusion-column-wrapper fusion-column-has-shadow fusion-flex-justify-content-flex-end fusion-content-layout-row\"><div ><a class=\"fusion-button button-flat fusion-button-default-size button-custom fusion-button-default button-2 fusion-button-default-span fusion-button-default-type\" style=\"--button_accent_color:#273f44;--button_border_color:#ffffff;--button_accent_hover_color:#273f44;--button_border_hover_color:#ffffff;--button_border_width-top:2px;--button_border_width-right:2px;--button_border_width-bottom:2px;--button_border_width-left:2px;--button-border-radius-top-left:3px;--button-border-radius-top-right:3px;--button-border-radius-bottom-right:3px;--button-border-radius-bottom-left:3px;--button_gradient_top_color:rgba(0,0,0,0);--button_gradient_bottom_color:rgba(0,0,0,0);--button_gradient_top_color_hover:#efefef;--button_gradient_bottom_color_hover:#efefef;--button_text_transform:uppercase;--button_padding-top:15px;--button_padding-right:21px;--button_padding-bottom:15px;--button_padding-left:21px;--button_typography-font-family:&quot;Inter&quot;;--button_typography-font-style:normal;--button_typography-font-weight:700;\" target=\"_self\" href=\"mailto:booking@papacarrental.com\"><i class=\"fa-paper-plane fas button-icon-left\" aria-hidden=\"true\"><\/i><span class=\"fusion-button-text\">R\u00fcckmeldung<\/span><\/a><\/div><\/div><\/div><\/div><\/div><\/div><\/div><\/div><div class=\"fusion-fullwidth fullwidth-box fusion-builder-row-4 fusion-flex-container has-pattern-background has-mask-background nonhundred-percent-fullwidth non-hundred-percent-height-scrolling fusion-no-large-visibility\" style=\"--awb-border-radius-top-left:0px;--awb-border-radius-top-right:0px;--awb-border-radius-bottom-right:0px;--awb-border-radius-bottom-left:0px;--awb-padding-top:55px;--awb-padding-top-medium:50px;--awb-padding-bottom-medium:50px;--awb-margin-bottom-medium:0px;--awb-background-color:var(--awb-color5);--awb-flex-wrap:wrap;\" ><div class=\"fusion-builder-row fusion-row fusion-flex-align-items-flex-start fusion-flex-content-wrap\" style=\"max-width:1248px;margin-left: calc(-4% \/ 2 );margin-right: calc(-4% \/ 2 );\"><div class=\"fusion-layout-column fusion_builder_column fusion-builder-column-6 fusion_builder_column_1_1 1_1 fusion-flex-column\" style=\"--awb-bg-size:cover;--awb-width-large:100%;--awb-margin-top-large:7px;--awb-spacing-right-large:1.92%;--awb-margin-bottom-large:20px;--awb-spacing-left-large:1.92%;--awb-width-medium:100%;--awb-order-medium:0;--awb-margin-top-medium:0px;--awb-spacing-right-medium:1.92%;--awb-margin-bottom-medium:0px;--awb-spacing-left-medium:1.92%;--awb-width-small:100%;--awb-order-small:0;--awb-spacing-right-small:1.92%;--awb-spacing-left-small:1.92%;\"><div class=\"fusion-column-wrapper fusion-column-has-shadow fusion-flex-justify-content-flex-start fusion-content-layout-column\"><div class=\"fusion-text fusion-text-4 md-text-align-center sm-text-align-center\" style=\"--awb-font-size:24px;--awb-text-transform:uppercase;--awb-text-font-family:&quot;Inter&quot;;--awb-text-font-style:normal;--awb-text-font-weight:700;\"><p>HABEN SIE FRAGEN? <span style=\"color: #ffffff;\">FRAGEN SIE NUR...<\/span><\/p>\n<\/div><div class=\"fusion-title title fusion-title-8 fusion-sep-none fusion-title-text fusion-title-size-four\"><h4 class=\"fusion-title-heading title-heading-left md-text-align-center sm-text-align-center\" style=\"margin:0;\"><i class=\"fb-icon-element-2 fb-icon-element fontawesome-icon fa-whatsapp fab circle-no fusion-text-flow\" style=\"--awb-font-size:36px;--awb-margin-right:18px;\"><\/i>+248 2780 254<\/h4><\/div><div class=\"md-text-align-center sm-text-align-center\"><a class=\"fusion-button button-flat fusion-button-default-size button-custom fusion-button-default button-3 fusion-button-default-span fusion-button-default-type\" style=\"--button_accent_color:#273f44;--button_border_color:#ffffff;--button_accent_hover_color:#273f44;--button_border_hover_color:#ffffff;--button_border_width-top:2px;--button_border_width-right:2px;--button_border_width-bottom:2px;--button_border_width-left:2px;--button-border-radius-top-left:3px;--button-border-radius-top-right:3px;--button-border-radius-bottom-right:3px;--button-border-radius-bottom-left:3px;--button_gradient_top_color:rgba(0,0,0,0);--button_gradient_bottom_color:rgba(0,0,0,0);--button_gradient_top_color_hover:#efefef;--button_gradient_bottom_color_hover:#efefef;--button_text_transform:uppercase;--button_padding-top:15px;--button_padding-right:21px;--button_padding-bottom:15px;--button_padding-left:21px;--button_typography-font-family:&quot;Inter&quot;;--button_typography-font-style:normal;--button_typography-font-weight:700;--button_margin-top:15px;\" target=\"_self\" href=\"mailto:booking@papacarrental.com\"><i class=\"fa-paper-plane fas button-icon-left\" aria-hidden=\"true\"><\/i><span class=\"fusion-button-text\">R\u00fcckmeldung<\/span><\/a><\/div><\/div><\/div><\/div><\/div><\/p>\n","protected":false},"excerpt":{"rendered":"","protected":false},"author":4,"featured_media":0,"parent":0,"menu_order":0,"comment_status":"closed","ping_status":"closed","template":"100-width.php","meta":{"footnotes":""},"class_list":["post-5556","page","type-page","status-publish","hentry"],"_links":{"self":[{"href":"https:\/\/papacarrental.com\/de\/wp-json\/wp\/v2\/pages\/5556","targetHints":{"allow":["GET"]}}],"collection":[{"href":"https:\/\/papacarrental.com\/de\/wp-json\/wp\/v2\/pages"}],"about":[{"href":"https:\/\/papacarrental.com\/de\/wp-json\/wp\/v2\/types\/page"}],"author":[{"embeddable":true,"href":"https:\/\/papacarrental.com\/de\/wp-json\/wp\/v2\/users\/4"}],"replies":[{"embeddable":true,"href":"https:\/\/papacarrental.com\/de\/wp-json\/wp\/v2\/comments?post=5556"}],"version-history":[{"count":3,"href":"https:\/\/papacarrental.com\/de\/wp-json\/wp\/v2\/pages\/5556\/revisions"}],"predecessor-version":[{"id":5992,"href":"https:\/\/papacarrental.com\/de\/wp-json\/wp\/v2\/pages\/5556\/revisions\/5992"}],"wp:attachment":[{"href":"https:\/\/papacarrental.com\/de\/wp-json\/wp\/v2\/media?parent=5556"}],"curies":[{"name":"wp","href":"https:\/\/api.w.org\/{rel}","templated":true}]}}