{"id":5553,"date":"2019-12-30T15:30:26","date_gmt":"2019-12-30T11:30:26","guid":{"rendered":"https:\/\/papacarrental.com\/seychellen-info\/"},"modified":"2024-03-27T19:58:47","modified_gmt":"2024-03-27T15:58:47","slug":"seychellen-info","status":"publish","type":"page","link":"https:\/\/papacarrental.com\/de\/seychellen-info\/","title":{"rendered":"Seychellen Info"},"content":{"rendered":"<div class=\"fusion-fullwidth fullwidth-box fusion-builder-row-1 fusion-flex-container has-pattern-background has-mask-background nonhundred-percent-fullwidth non-hundred-percent-height-scrolling\" style=\"--awb-border-radius-top-left:0px;--awb-border-radius-top-right:0px;--awb-border-radius-bottom-right:0px;--awb-border-radius-bottom-left:0px;--awb-flex-wrap:wrap;\" ><div class=\"fusion-builder-row fusion-row fusion-flex-align-items-flex-start fusion-flex-content-wrap\" style=\"max-width:1248px;margin-left: calc(-4% \/ 2 );margin-right: calc(-4% \/ 2 );\"><div class=\"fusion-layout-column fusion_builder_column fusion-builder-column-0 fusion_builder_column_1_1 1_1 fusion-flex-column\" style=\"--awb-bg-size:cover;--awb-width-large:100%;--awb-margin-top-large:0px;--awb-spacing-right-large:1.92%;--awb-margin-bottom-large:20px;--awb-spacing-left-large:1.92%;--awb-width-medium:100%;--awb-order-medium:0;--awb-spacing-right-medium:1.92%;--awb-spacing-left-medium:1.92%;--awb-width-small:100%;--awb-order-small:0;--awb-spacing-right-small:1.92%;--awb-spacing-left-small:1.92%;\"><div class=\"fusion-column-wrapper fusion-column-has-shadow fusion-flex-justify-content-flex-start fusion-content-layout-column\"><div class=\"fusion-title title fusion-title-1 fusion-sep-none fusion-title-center fusion-title-text fusion-title-size-three\"><h3 class=\"fusion-title-heading title-heading-center\" style=\"margin:0;text-transform:uppercase;\">INTERESSANTE FAKTEN \u00dcBER DIE SEYCHELLEN<\/h3><\/div><\/div><\/div><div class=\"fusion-layout-column fusion_builder_column fusion-builder-column-1 fusion_builder_column_1_2 1_2 fusion-flex-column\" style=\"--awb-bg-size:cover;--awb-width-large:50%;--awb-margin-top-large:0px;--awb-spacing-right-large:3.84%;--awb-margin-bottom-large:20px;--awb-spacing-left-large:3.84%;--awb-width-medium:50%;--awb-order-medium:0;--awb-spacing-right-medium:3.84%;--awb-spacing-left-medium:3.84%;--awb-width-small:100%;--awb-order-small:0;--awb-spacing-right-small:1.92%;--awb-spacing-left-small:1.92%;\"><div class=\"fusion-column-wrapper fusion-column-has-shadow fusion-flex-justify-content-flex-start fusion-content-layout-column\"><div class=\"fusion-text fusion-text-1\"><p><strong>Name:<\/strong> Republik Seychellen<\/p>\n<p><strong>Namensherkunft:<\/strong> Jean Moreau de S\u00e9chelles\u00a0 (Finanzminister von K\u00f6nig Ludwig XV.)<\/p>\n<p><strong>Erster Entdecker der Seychellen:<\/strong> Jo\u00e3o de Nova (1501) entdeckt die Farquhar-Inseln<\/p>\n<p><strong>Bev\u00f6lkerung:<\/strong> Ungef\u00e4hr 97.871 Menschen (2019) &amp; 90 % der Bev\u00f6lkerung leben auf der Hauptinsel Mah\u00e9<\/p>\n<p><strong>Gesamtinsel:<\/strong> 115 Inseln (42 Granitinseln und 73 Koralleninseln) mit einer Gesamtgr\u00f6\u00dfe von 455 km\u00b2 (175 Quadratmeilen).<\/p>\n<p><strong>Klima:\u00a0<\/strong> Tropisch mit konstanter Temperatur und hoher Luftfeuchtigkeit.<\/p>\n<p><strong>Hauptsaison:<\/strong> Nordwestmonsun von Dezember bis M\u00e4rz &amp; S\u00fcdostmonsun von Mai bis Oktober<\/p>\n<p><strong>Zeitzone:<\/strong> GMT\/UTC +4<\/p>\n<p><strong>Vorwahl:<\/strong> +248 oder (00248)<\/p>\n<p><strong>Sprache:<\/strong> Seychellen-Kreolisch, Englisch, Franz\u00f6sisch,<\/p>\n<p><strong>Landesw\u00e4hrung:<\/strong> 1 Seychellen-Rupie = 100 Cent<\/p>\n<p><strong>Nationalfeiertag:<\/strong> 18. Juni<\/p>\n<\/div><\/div><\/div><div class=\"fusion-layout-column fusion_builder_column fusion-builder-column-2 fusion_builder_column_1_2 1_2 fusion-flex-column\" style=\"--awb-bg-size:cover;--awb-width-large:50%;--awb-margin-top-large:0px;--awb-spacing-right-large:3.84%;--awb-margin-bottom-large:20px;--awb-spacing-left-large:3.84%;--awb-width-medium:50%;--awb-order-medium:0;--awb-spacing-right-medium:3.84%;--awb-spacing-left-medium:3.84%;--awb-width-small:100%;--awb-order-small:0;--awb-spacing-right-small:1.92%;--awb-spacing-left-small:1.92%;\"><div class=\"fusion-column-wrapper fusion-column-has-shadow fusion-flex-justify-content-flex-start fusion-content-layout-column\"><div class=\"fusion-image-element \" style=\"text-align:center;--awb-caption-title-font-family:var(--h2_typography-font-family);--awb-caption-title-font-weight:var(--h2_typography-font-weight);--awb-caption-title-font-style:var(--h2_typography-font-style);--awb-caption-title-size:var(--h2_typography-font-size);--awb-caption-title-transform:var(--h2_typography-text-transform);--awb-caption-title-line-height:var(--h2_typography-line-height);--awb-caption-title-letter-spacing:var(--h2_typography-letter-spacing);\"><span class=\" fusion-imageframe imageframe-none imageframe-1 hover-type-none\"><img decoding=\"async\" width=\"280\" height=\"457\" title=\"fwwfwrf\" src=\"https:\/\/papacarrental.com\/wp-content\/uploads\/2019\/12\/fwwfwrf.png\" class=\"img-responsive wp-image-5212\" alt=\"\" srcset=\"https:\/\/papacarrental.com\/wp-content\/uploads\/2019\/12\/fwwfwrf-184x300.png 184w, https:\/\/papacarrental.com\/wp-content\/uploads\/2019\/12\/fwwfwrf.png 280w\" sizes=\"(max-width: 280px) 100vw, 280px\" \/><\/span><\/div><\/div><\/div><div class=\"fusion-layout-column fusion_builder_column fusion-builder-column-3 fusion_builder_column_1_2 1_2 fusion-flex-column\" style=\"--awb-bg-size:cover;--awb-width-large:50%;--awb-margin-top-large:0px;--awb-spacing-right-large:3.84%;--awb-margin-bottom-large:20px;--awb-spacing-left-large:3.84%;--awb-width-medium:50%;--awb-order-medium:0;--awb-spacing-right-medium:3.84%;--awb-spacing-left-medium:3.84%;--awb-width-small:100%;--awb-order-small:0;--awb-spacing-right-small:1.92%;--awb-spacing-left-small:1.92%;\"><div class=\"fusion-column-wrapper fusion-column-has-shadow fusion-flex-justify-content-flex-start fusion-content-layout-column\"><div class=\"fusion-image-element \" style=\"text-align:center;--awb-caption-title-font-family:var(--h2_typography-font-family);--awb-caption-title-font-weight:var(--h2_typography-font-weight);--awb-caption-title-font-style:var(--h2_typography-font-style);--awb-caption-title-size:var(--h2_typography-font-size);--awb-caption-title-transform:var(--h2_typography-text-transform);--awb-caption-title-line-height:var(--h2_typography-line-height);--awb-caption-title-letter-spacing:var(--h2_typography-letter-spacing);\"><span class=\" fusion-imageframe imageframe-none imageframe-2 hover-type-none\"><img decoding=\"async\" width=\"280\" height=\"458\" title=\"wwrw\" src=\"https:\/\/papacarrental.com\/wp-content\/uploads\/2019\/12\/wwrw.png\" class=\"img-responsive wp-image-5215\" alt=\"\" srcset=\"https:\/\/papacarrental.com\/wp-content\/uploads\/2019\/12\/wwrw-183x300.png 183w, https:\/\/papacarrental.com\/wp-content\/uploads\/2019\/12\/wwrw.png 280w\" sizes=\"(max-width: 280px) 100vw, 280px\" \/><\/span><\/div><\/div><\/div><div class=\"fusion-layout-column fusion_builder_column fusion-builder-column-4 fusion_builder_column_1_2 1_2 fusion-flex-column\" style=\"--awb-bg-size:cover;--awb-width-large:50%;--awb-margin-top-large:0px;--awb-spacing-right-large:3.84%;--awb-margin-bottom-large:20px;--awb-spacing-left-large:3.84%;--awb-width-medium:50%;--awb-order-medium:0;--awb-spacing-right-medium:3.84%;--awb-spacing-left-medium:3.84%;--awb-width-small:100%;--awb-order-small:0;--awb-spacing-right-small:1.92%;--awb-spacing-left-small:1.92%;\"><div class=\"fusion-column-wrapper fusion-column-has-shadow fusion-flex-justify-content-flex-start fusion-content-layout-column\"><div class=\"fusion-text fusion-text-2\"><p><strong>Nationalblume:<\/strong> Orkid payanke<\/p>\n<p><strong>Nationalbaum:<\/strong> Coco-de-Mer-Palme<\/p>\n<p><strong>Nationaltier:\u00a0<\/strong> Riesenschildkr\u00f6te<\/p>\n<p><strong>Nationalvogel:<\/strong> Schwarzer Papagei<\/p>\n<p><strong>Nationales Motto:<\/strong> \u201eFinis Coronat Opus\u201c (\u201eDas Ende kr\u00f6nt das Werk\u201c)<\/p>\n<p><strong>Seychellen-Fauna:<\/strong> 13 Amphibienarten, 30 Reptilien, 220 Vogelarten und mehr als 1.000 Arten wirbelloser Tiere<\/p>\n<p><strong>Seychellen Gef\u00e4hrdete V\u00f6gel:<\/strong> Seychellen-Paradiesschn\u00e4pper, Seychellen-Grasm\u00fccke, Seychellen-Elster-Rotkehlchen, Seychellen-Wei\u00dfauge, Seychellen-Zwergohreule, Seychellen-Schwarzpapagei<\/p>\n<p><strong>Flugunf\u00e4higer Vogel im Indischen Ozean:<\/strong> Wei\u00dfkehlralle von der Insel Aldabra.<\/p>\n<p><strong>Agrarprodukte der Seychellen:<\/strong> Kokosn\u00fcsse, Zimt, S\u00fc\u00dfkartoffeln, Maniok (Tapioka) und exotische Fr\u00fcchte.<\/p>\n<p><strong>Essen und Gerichte der Seychellen:<\/strong> Kokosnuss-Curry, Ladob, gesalzener Fisch, Hai-Chutney, gegrillter Fisch oder Oktopus usw<\/p>\n<\/div><\/div><\/div><div class=\"fusion-layout-column fusion_builder_column fusion-builder-column-5 fusion_builder_column_1_2 1_2 fusion-flex-column\" style=\"--awb-bg-size:cover;--awb-width-large:50%;--awb-margin-top-large:0px;--awb-spacing-right-large:3.84%;--awb-margin-bottom-large:20px;--awb-spacing-left-large:3.84%;--awb-width-medium:50%;--awb-order-medium:0;--awb-spacing-right-medium:3.84%;--awb-spacing-left-medium:3.84%;--awb-width-small:100%;--awb-order-small:0;--awb-spacing-right-small:1.92%;--awb-spacing-left-small:1.92%;\"><div class=\"fusion-column-wrapper fusion-column-has-shadow fusion-flex-justify-content-flex-start fusion-content-layout-column\"><div class=\"fusion-text fusion-text-3\"><p><strong>Korallenrifffl\u00e4che der Seychellen:<\/strong> ca. 600.000 km\u00b2 (230.000 Quadratmeilen)<\/p>\n<p><strong>H\u00f6chster Berg der Seychellen:<\/strong> Morne Seychellois', mit 905 m oder 2.969 Fu\u00df.<\/p>\n<p><strong>Piratenversteck auf den Seychellen:<\/strong> Anse Forbans (Piratenbucht) auf Mah\u00e9 und C\u00f4te d'Or auf Praslin. Es wird angenommen, dass der ber\u00fchmte Pirat Olivier Levasseur einen Schatz im Wert von mehr als 160.000 US-Dollar versteckt hat, der bis heute unentdeckt bleibt.<\/p>\n<p><strong>Waldschutz der Seychellen:<\/strong> Rund 50 % der Landfl\u00e4che sind von Nationalparks und Reservaten eingenommen<\/p>\n<p><strong>Meeresschutz der Seychellen:<\/strong> Bis 2020 sind 410.000 Quadratkilometer oder 30 Prozent der Gew\u00e4sser der Seychellen Meeresschutzgebiete<\/p>\n<p><strong>UNESCO-Welterbest\u00e4tten<\/strong> Vallee de Mai (Insel Praslin) und das Aldabra-Atoll<\/p>\n<p><strong>Die seltensten B\u00e4ume der Erde auf den Seychellen:<\/strong> Quallenb\u00e4ume auf der Insel Mah\u00e9 und auf den Seychellen. Coco-de-Mer-Palme auf der Insel Praslin<\/p>\n<\/div><\/div><\/div><div class=\"fusion-layout-column fusion_builder_column fusion-builder-column-6 fusion_builder_column_1_2 1_2 fusion-flex-column\" style=\"--awb-bg-size:cover;--awb-width-large:50%;--awb-margin-top-large:0px;--awb-spacing-right-large:3.84%;--awb-margin-bottom-large:20px;--awb-spacing-left-large:3.84%;--awb-width-medium:50%;--awb-order-medium:0;--awb-spacing-right-medium:3.84%;--awb-spacing-left-medium:3.84%;--awb-width-small:100%;--awb-order-small:0;--awb-spacing-right-small:1.92%;--awb-spacing-left-small:1.92%;\"><div class=\"fusion-column-wrapper fusion-column-has-shadow fusion-flex-justify-content-flex-start fusion-content-layout-column\"><div class=\"fusion-image-element \" style=\"text-align:center;--awb-caption-title-font-family:var(--h2_typography-font-family);--awb-caption-title-font-weight:var(--h2_typography-font-weight);--awb-caption-title-font-style:var(--h2_typography-font-style);--awb-caption-title-size:var(--h2_typography-font-size);--awb-caption-title-transform:var(--h2_typography-text-transform);--awb-caption-title-line-height:var(--h2_typography-line-height);--awb-caption-title-letter-spacing:var(--h2_typography-letter-spacing);\"><span class=\" fusion-imageframe imageframe-none imageframe-3 hover-type-none\"><img decoding=\"async\" width=\"280\" height=\"459\" title=\"wewewewrgs\" src=\"https:\/\/papacarrental.com\/wp-content\/uploads\/2019\/12\/wewewewrgs.png\" class=\"img-responsive wp-image-5218\" alt=\"\" srcset=\"https:\/\/papacarrental.com\/wp-content\/uploads\/2019\/12\/wewewewrgs-183x300.png 183w, https:\/\/papacarrental.com\/wp-content\/uploads\/2019\/12\/wewewewrgs.png 280w\" sizes=\"(max-width: 280px) 100vw, 280px\" \/><\/span><\/div><\/div><\/div><div class=\"fusion-layout-column fusion_builder_column fusion-builder-column-7 fusion_builder_column_1_2 1_2 fusion-flex-column\" style=\"--awb-bg-size:cover;--awb-width-large:50%;--awb-margin-top-large:0px;--awb-spacing-right-large:3.84%;--awb-margin-bottom-large:20px;--awb-spacing-left-large:3.84%;--awb-width-medium:50%;--awb-order-medium:0;--awb-spacing-right-medium:3.84%;--awb-spacing-left-medium:3.84%;--awb-width-small:100%;--awb-order-small:0;--awb-spacing-right-small:1.92%;--awb-spacing-left-small:1.92%;\"><div class=\"fusion-column-wrapper fusion-column-has-shadow fusion-flex-justify-content-flex-start fusion-content-layout-column\"><div class=\"fusion-image-element \" style=\"text-align:center;--awb-caption-title-font-family:var(--h2_typography-font-family);--awb-caption-title-font-weight:var(--h2_typography-font-weight);--awb-caption-title-font-style:var(--h2_typography-font-style);--awb-caption-title-size:var(--h2_typography-font-size);--awb-caption-title-transform:var(--h2_typography-text-transform);--awb-caption-title-line-height:var(--h2_typography-line-height);--awb-caption-title-letter-spacing:var(--h2_typography-letter-spacing);\"><span class=\" fusion-imageframe imageframe-none imageframe-4 hover-type-none\"><img decoding=\"async\" width=\"565\" height=\"388\" title=\"dgdgdgd\" src=\"https:\/\/papacarrental.com\/wp-content\/uploads\/2019\/12\/dgdgdgd.jpg\" class=\"img-responsive wp-image-5221\" alt=\"\" srcset=\"https:\/\/papacarrental.com\/wp-content\/uploads\/2019\/12\/dgdgdgd-300x206.jpg 300w, https:\/\/papacarrental.com\/wp-content\/uploads\/2019\/12\/dgdgdgd-500x343.jpg 500w, https:\/\/papacarrental.com\/wp-content\/uploads\/2019\/12\/dgdgdgd.jpg 565w\" sizes=\"(max-width: 565px) 100vw, 565px\" \/><\/span><\/div><div class=\"fusion-image-element \" style=\"text-align:center;--awb-caption-title-font-family:var(--h2_typography-font-family);--awb-caption-title-font-weight:var(--h2_typography-font-weight);--awb-caption-title-font-style:var(--h2_typography-font-style);--awb-caption-title-size:var(--h2_typography-font-size);--awb-caption-title-transform:var(--h2_typography-text-transform);--awb-caption-title-line-height:var(--h2_typography-line-height);--awb-caption-title-letter-spacing:var(--h2_typography-letter-spacing);\"><span class=\" fusion-imageframe imageframe-none imageframe-5 hover-type-none\"><img decoding=\"async\" width=\"571\" height=\"390\" title=\"egegegses\" src=\"https:\/\/papacarrental.com\/wp-content\/uploads\/2019\/12\/egegegses.jpg\" class=\"img-responsive wp-image-5224\" alt=\"\" srcset=\"https:\/\/papacarrental.com\/wp-content\/uploads\/2019\/12\/egegegses-300x205.jpg 300w, https:\/\/papacarrental.com\/wp-content\/uploads\/2019\/12\/egegegses-500x342.jpg 500w, https:\/\/papacarrental.com\/wp-content\/uploads\/2019\/12\/egegegses.jpg 571w\" sizes=\"(max-width: 571px) 100vw, 571px\" \/><\/span><\/div><\/div><\/div><div class=\"fusion-layout-column fusion_builder_column fusion-builder-column-8 fusion_builder_column_1_2 1_2 fusion-flex-column\" style=\"--awb-bg-size:cover;--awb-width-large:50%;--awb-margin-top-large:0px;--awb-spacing-right-large:3.84%;--awb-margin-bottom-large:20px;--awb-spacing-left-large:3.84%;--awb-width-medium:50%;--awb-order-medium:0;--awb-spacing-right-medium:3.84%;--awb-spacing-left-medium:3.84%;--awb-width-small:100%;--awb-order-small:0;--awb-spacing-right-small:1.92%;--awb-spacing-left-small:1.92%;\"><div class=\"fusion-column-wrapper fusion-column-has-shadow fusion-flex-justify-content-flex-start fusion-content-layout-column\"><div class=\"fusion-text fusion-text-4\"><p><strong>Zweitgr\u00f6\u00dftes Korallenatoll der Welt:<\/strong> Aldabra-Atoll (auch weltweit gr\u00f6\u00dftes erh\u00f6htes Korallenatoll) Fl\u00e4che: 155,4 km\u00b2<\/p>\n<p><strong>Erster Meerespark im Indischen Ozean:<\/strong> Der Sainte Anne Marine National Park, 1973.<\/p>\n<p><strong>\u00c4lteste ozeanische Inseln der Erde:<\/strong> Die Granitinseln der Seychellen<\/p>\n<p><strong>Kleinste Hauptstadt der Welt:<\/strong> Victoria, die Hauptstadt der Seychellen.<\/p>\n<p><strong>Gr\u00f6\u00dfter Samen der Welt:<\/strong>\u00a0 Coco de Mer-Samen oder Love-Nuss auf der Insel Praslin (ca. 20 kg)<\/p>\n<p><strong>Gr\u00f6\u00dfter Arthropode der Welt:<\/strong> Kokosnusskrabbe (R\u00e4uberkrabbe oder Palmendieb) auf den Seychellen<\/p>\n<p><strong>Weltweit gr\u00f6\u00dfte Kolonien von Zwergnoddy-Seev\u00f6geln:<\/strong> Aride Island.<\/p>\n<p><strong>Weltgr\u00f6\u00dfte Schildkr\u00f6tenpopulation:<\/strong> Aldabra-Atoll \u00dcber 152.000 Riesenschildkr\u00f6ten (das sind mehr Schildkr\u00f6ten als Menschen auf den Seychellen!)<\/p>\n<p><strong>Die schwerste Landschildkr\u00f6te der Welt:<\/strong> Esmeralda, er ist ein Kerl, 363 kg, 170 Jahre alt und lebt auf Bird Island<\/p>\n<p>Wenn Sie sich darauf freuen, bald die Seychellen zu besuchen, brauchen Sie eine vertrauensw\u00fcrdige und sichere Autovermietung, die alles daran setzt, Ihre Sicherheit und Ihren Komfort w\u00e4hrend Ihres Aufenthalts auf der Insel zu gew\u00e4hrleisten. Wir sind Papa Car Rental, eine renommierte <strong><a href=\"https:\/\/papacarrental.com\/de\/\" target=\"_blank\" rel=\"noopener noreferrer\">Autovermietung auf den Seychellen<\/a><\/strong>, f\u00fcr die wir bekannt sind Vertrauen, Komfort und Wirtschaftlichkeit.<\/p>\n<p>Sie k\u00f6nnen jeden dieser Gutscheine gerne f\u00fcr <a href=\"https:\/\/papacarrental.com\/mahe-taxi-voucher\/\">Taxi in Mahe<\/a> oder <a href=\"https:\/\/papacarrental\" verwenden .com\/praslin-taxi-voucher\/\">Praslin<\/a>. Diese Gutscheine sind sehr n\u00fctzlich f\u00fcr G\u00e4ste, die von einer Insel auf eine andere Insel springen oder zwischen den Inseln reisen, und f\u00fcr Besucher, die nach einem langen Flug lieber ein Auto im Hotel mieten m\u00f6chten.<\/p>\n<\/div><\/div><\/div><\/div><\/div>\n","protected":false},"excerpt":{"rendered":"","protected":false},"author":3,"featured_media":0,"parent":0,"menu_order":0,"comment_status":"closed","ping_status":"closed","template":"","meta":{"footnotes":""},"class_list":["post-5553","page","type-page","status-publish","hentry"],"_links":{"self":[{"href":"https:\/\/papacarrental.com\/de\/wp-json\/wp\/v2\/pages\/5553","targetHints":{"allow":["GET"]}}],"collection":[{"href":"https:\/\/papacarrental.com\/de\/wp-json\/wp\/v2\/pages"}],"about":[{"href":"https:\/\/papacarrental.com\/de\/wp-json\/wp\/v2\/types\/page"}],"author":[{"embeddable":true,"href":"https:\/\/papacarrental.com\/de\/wp-json\/wp\/v2\/users\/3"}],"replies":[{"embeddable":true,"href":"https:\/\/papacarrental.com\/de\/wp-json\/wp\/v2\/comments?post=5553"}],"version-history":[{"count":2,"href":"https:\/\/papacarrental.com\/de\/wp-json\/wp\/v2\/pages\/5553\/revisions"}],"predecessor-version":[{"id":5555,"href":"https:\/\/papacarrental.com\/de\/wp-json\/wp\/v2\/pages\/5553\/revisions\/5555"}],"wp:attachment":[{"href":"https:\/\/papacarrental.com\/de\/wp-json\/wp\/v2\/media?parent=5553"}],"curies":[{"name":"wp","href":"https:\/\/api.w.org\/{rel}","templated":true}]}}